{"id":1924,"date":"2023-10-26T19:48:45","date_gmt":"2023-10-26T23:48:45","guid":{"rendered":"https:\/\/histoiredemaska.com\/?post_type=product&#038;p=1924"},"modified":"2025-02-13T09:32:24","modified_gmt":"2025-02-13T14:32:24","slug":"abonnement-annuel","status":"publish","type":"product","link":"https:\/\/histoiredemaska.com\/en\/produit\/abonnement-annuel\/","title":{"rendered":"Abonnement annuel"},"content":{"rendered":"<p>L\u2019abonnement annuel au Centre d\u2019histoire de Saint-Hyacinthe vous donne droit \u00e0 des tarifs pr\u00e9f\u00e9rentiels sur certains de nos services. L\u2019acc\u00e8s \u00e0 la recherche au Service de g\u00e9n\u00e9alogie et au Service d\u2019archives est gratuit. Vous pouvez \u00e9galement assister sans frais \u00e0 nos conf\u00e9rences. De plus, vous b\u00e9n\u00e9ficiez de rabais aupr\u00e8s de nos partenaires.<\/p>\n","protected":false},"excerpt":{"rendered":"<p>L\u2019abonnement annuel au Centre d\u2019histoire de Saint-Hyacinthe vous donne droit \u00e0 des tarifs pr\u00e9f\u00e9rentiels sur certains de nos services. L\u2019acc\u00e8s \u00e0 la recherche au Service de g\u00e9n\u00e9alogie et au Service d\u2019archives est gratuit. Vous pouvez \u00e9galement assister sans frais \u00e0 nos conf\u00e9rences. De plus, vous b\u00e9n\u00e9ficiez de rabais aupr\u00e8s de nos partenaires.<\/p>\n","protected":false},"featured_media":1986,"comment_status":"open","ping_status":"closed","template":"","meta":{"_acf_changed":false},"product_brand":[],"product_cat":[38],"product_tag":[],"class_list":{"0":"post-1924","1":"product","2":"type-product","3":"status-publish","4":"has-post-thumbnail","6":"product_cat-abonnements","8":"first","9":"instock","10":"sold-individually","11":"shipping-taxable","12":"purchasable","13":"product-type-subscription"},"acf":[],"_links":{"self":[{"href":"https:\/\/histoiredemaska.com\/en\/wp-json\/wp\/v2\/product\/1924","targetHints":{"allow":["GET"]}}],"collection":[{"href":"https:\/\/histoiredemaska.com\/en\/wp-json\/wp\/v2\/product"}],"about":[{"href":"https:\/\/histoiredemaska.com\/en\/wp-json\/wp\/v2\/types\/product"}],"replies":[{"embeddable":true,"href":"https:\/\/histoiredemaska.com\/en\/wp-json\/wp\/v2\/comments?post=1924"}],"version-history":[{"count":6,"href":"https:\/\/histoiredemaska.com\/en\/wp-json\/wp\/v2\/product\/1924\/revisions"}],"predecessor-version":[{"id":6011,"href":"https:\/\/histoiredemaska.com\/en\/wp-json\/wp\/v2\/product\/1924\/revisions\/6011"}],"wp:featuredmedia":[{"embeddable":true,"href":"https:\/\/histoiredemaska.com\/en\/wp-json\/wp\/v2\/media\/1986"}],"wp:attachment":[{"href":"https:\/\/histoiredemaska.com\/en\/wp-json\/wp\/v2\/media?parent=1924"}],"wp:term":[{"taxonomy":"product_brand","embeddable":true,"href":"https:\/\/histoiredemaska.com\/en\/wp-json\/wp\/v2\/product_brand?post=1924"},{"taxonomy":"product_cat","embeddable":true,"href":"https:\/\/histoiredemaska.com\/en\/wp-json\/wp\/v2\/product_cat?post=1924"},{"taxonomy":"product_tag","embeddable":true,"href":"https:\/\/histoiredemaska.com\/en\/wp-json\/wp\/v2\/product_tag?post=1924"}],"curies":[{"name":"wp","href":"https:\/\/api.w.org\/{rel}","templated":true}]}}