{"id":3570,"date":"2024-02-14T11:53:01","date_gmt":"2024-02-14T16:53:01","guid":{"rendered":"https:\/\/histoiredemaska.com\/?post_type=product&#038;p=3570"},"modified":"2025-01-23T09:27:40","modified_gmt":"2025-01-23T14:27:40","slug":"exposition-saint-hyacinthe-le-liverpool-du-quebec","status":"publish","type":"product","link":"https:\/\/histoiredemaska.com\/en\/produit\/exposition-saint-hyacinthe-le-liverpool-du-quebec\/","title":{"rendered":"Exposition \u00abSaint-Hyacinthe, le Liverpool du Qu\u00e9bec\u00bb"},"content":{"rendered":"<p><strong>Du 22 f\u00e9vrier 2024 au 10 janvier 2025<\/strong><\/p>\n<p><strong>Au Zaricot, situ\u00e9 au 1460 rue des Cascades.<\/strong><\/p>\n<h2>Description<\/h2>\n<p>La salle de spectacle\u00a0<strong>Le Zaricot<\/strong>, en collaboration avec le\u00a0<strong>Centre d\u2019histoire de Saint-Hyacinthe<\/strong>, a le plaisir de pr\u00e9senter l\u2019exposition intitul\u00e9e \u00abSaint-Hyacinthe, le Liverpool du Qu\u00e9bec\u00bb. Cet \u00e9v\u00e9nement unique met en lumi\u00e8re la sc\u00e8ne musicale florissante de la ville dans les ann\u00e9es 1960. L&#8217;exposition a lieu au Zaricot, 1460 rue des Cascades. Elle se poursuivra pendant plusieurs mois.<\/p>\n<p>\u00abSaint-Hyacinthe, le Liverpool du Qu\u00e9bec\u00bb est une plong\u00e9e immersive dans l\u2019effervescente sc\u00e8ne musicale des ann\u00e9es 60 \u00e0 Saint-Hyacinthe. Cet \u00e9v\u00e9nement captivant met en vedette des groupes embl\u00e9matiques tels que les Sultans et les Hou-Lops, tout en offrant un survol d\u2019autres formations musicales qui ont contribu\u00e9 \u00e0 fa\u00e7onner cette p\u00e9riode exceptionnelle.<br \/>\nLes visiteurs auront l\u2019occasion de d\u00e9couvrir l\u2019histoire fascinante derri\u00e8re ces groupes, explorant les origines, les influences et les moments marquants qui ont fa\u00e7onn\u00e9 leur succ\u00e8s. L\u2019exposition offre<br \/>\n\u00e9galement un \u00e9clairage sur le contexte social, culturel et musical qui a favoris\u00e9 l\u2019\u00e9mergence de cette sc\u00e8ne artistique dynamique \u00e0 Saint-Hyacinthe.<\/p>\n<p>C\u2019est un rendez-vous!<\/p>\n<p><strong>Photo:\u00a0<\/strong>Les Hou-Lops en 1960. Centre d\u2019histoire de Saint-Hyacinthe, Fonds CH085 Studio B.J. H\u00e9bert.<\/p>\n","protected":false},"excerpt":{"rendered":"<p>Du 22 f\u00e9vrier 2024 au 10 janvier 2025 Au Zaricot, situ\u00e9 au 1460 rue des Cascades. Description La salle de spectacle\u00a0Le Zaricot, en collaboration avec le\u00a0Centre d\u2019histoire de Saint-Hyacinthe, a le plaisir de pr\u00e9senter l\u2019exposition intitul\u00e9e \u00abSaint-Hyacinthe, le Liverpool du Qu\u00e9bec\u00bb. Cet \u00e9v\u00e9nement unique met en lumi\u00e8re la sc\u00e8ne musicale florissante de la ville dans [&hellip;]<\/p>\n","protected":false},"featured_media":3575,"comment_status":"closed","ping_status":"closed","template":"","meta":{"_acf_changed":false},"product_brand":[],"product_cat":[15,35],"product_tag":[],"class_list":{"0":"post-3570","1":"product","2":"type-product","3":"status-publish","4":"has-post-thumbnail","6":"product_cat-non-classe","7":"product_cat-evenements","9":"first","10":"instock","11":"shipping-taxable","12":"product-type-simple"},"acf":[],"_links":{"self":[{"href":"https:\/\/histoiredemaska.com\/en\/wp-json\/wp\/v2\/product\/3570","targetHints":{"allow":["GET"]}}],"collection":[{"href":"https:\/\/histoiredemaska.com\/en\/wp-json\/wp\/v2\/product"}],"about":[{"href":"https:\/\/histoiredemaska.com\/en\/wp-json\/wp\/v2\/types\/product"}],"replies":[{"embeddable":true,"href":"https:\/\/histoiredemaska.com\/en\/wp-json\/wp\/v2\/comments?post=3570"}],"version-history":[{"count":6,"href":"https:\/\/histoiredemaska.com\/en\/wp-json\/wp\/v2\/product\/3570\/revisions"}],"predecessor-version":[{"id":6085,"href":"https:\/\/histoiredemaska.com\/en\/wp-json\/wp\/v2\/product\/3570\/revisions\/6085"}],"wp:featuredmedia":[{"embeddable":true,"href":"https:\/\/histoiredemaska.com\/en\/wp-json\/wp\/v2\/media\/3575"}],"wp:attachment":[{"href":"https:\/\/histoiredemaska.com\/en\/wp-json\/wp\/v2\/media?parent=3570"}],"wp:term":[{"taxonomy":"product_brand","embeddable":true,"href":"https:\/\/histoiredemaska.com\/en\/wp-json\/wp\/v2\/product_brand?post=3570"},{"taxonomy":"product_cat","embeddable":true,"href":"https:\/\/histoiredemaska.com\/en\/wp-json\/wp\/v2\/product_cat?post=3570"},{"taxonomy":"product_tag","embeddable":true,"href":"https:\/\/histoiredemaska.com\/en\/wp-json\/wp\/v2\/product_tag?post=3570"}],"curies":[{"name":"wp","href":"https:\/\/api.w.org\/{rel}","templated":true}]}}