{"id":4219,"date":"2024-04-02T08:56:38","date_gmt":"2024-04-02T12:56:38","guid":{"rendered":"https:\/\/histoiredemaska.com\/?post_type=product&#038;p=4219"},"modified":"2024-04-02T08:56:38","modified_gmt":"2024-04-02T12:56:38","slug":"cathedrale-de-saint-hyacinthe-et-leveche-1961","status":"publish","type":"product","link":"https:\/\/histoiredemaska.com\/en\/produit\/cathedrale-de-saint-hyacinthe-et-leveche-1961\/","title":{"rendered":"Cath\u00e9drale de Saint-Hyacinthe et l&#8217;\u00e9v\u00each\u00e9, 1961"},"content":{"rendered":"<p>L&#8217;\u00e9v\u00each\u00e9 et la cath\u00e9drale de Saint-Hyacinthe en 1961.<\/p>\n<p>Centre d&#8217;histoire de Saint-Hyacinthe, Fonds CH548 Raymond B\u00e9langer, photographe.<\/p>\n","protected":false},"excerpt":{"rendered":"<p>L&#8217;\u00e9v\u00each\u00e9 et la cath\u00e9drale de Saint-Hyacinthe en 1961. Centre d&#8217;histoire de Saint-Hyacinthe, Fonds CH548 Raymond B\u00e9langer, photographe.<\/p>\n","protected":false},"featured_media":4220,"comment_status":"closed","ping_status":"closed","template":"","meta":{"_acf_changed":false},"product_brand":[],"product_cat":[37],"product_tag":[],"class_list":{"0":"post-4219","1":"product","2":"type-product","3":"status-publish","4":"has-post-thumbnail","6":"product_cat-photos","8":"first","9":"instock","10":"shipping-taxable","11":"purchasable","12":"product-type-simple"},"acf":[],"_links":{"self":[{"href":"https:\/\/histoiredemaska.com\/en\/wp-json\/wp\/v2\/product\/4219","targetHints":{"allow":["GET"]}}],"collection":[{"href":"https:\/\/histoiredemaska.com\/en\/wp-json\/wp\/v2\/product"}],"about":[{"href":"https:\/\/histoiredemaska.com\/en\/wp-json\/wp\/v2\/types\/product"}],"replies":[{"embeddable":true,"href":"https:\/\/histoiredemaska.com\/en\/wp-json\/wp\/v2\/comments?post=4219"}],"version-history":[{"count":1,"href":"https:\/\/histoiredemaska.com\/en\/wp-json\/wp\/v2\/product\/4219\/revisions"}],"predecessor-version":[{"id":4221,"href":"https:\/\/histoiredemaska.com\/en\/wp-json\/wp\/v2\/product\/4219\/revisions\/4221"}],"wp:featuredmedia":[{"embeddable":true,"href":"https:\/\/histoiredemaska.com\/en\/wp-json\/wp\/v2\/media\/4220"}],"wp:attachment":[{"href":"https:\/\/histoiredemaska.com\/en\/wp-json\/wp\/v2\/media?parent=4219"}],"wp:term":[{"taxonomy":"product_brand","embeddable":true,"href":"https:\/\/histoiredemaska.com\/en\/wp-json\/wp\/v2\/product_brand?post=4219"},{"taxonomy":"product_cat","embeddable":true,"href":"https:\/\/histoiredemaska.com\/en\/wp-json\/wp\/v2\/product_cat?post=4219"},{"taxonomy":"product_tag","embeddable":true,"href":"https:\/\/histoiredemaska.com\/en\/wp-json\/wp\/v2\/product_tag?post=4219"}],"curies":[{"name":"wp","href":"https:\/\/api.w.org\/{rel}","templated":true}]}}