{"id":4420,"date":"2025-04-12T09:22:51","date_gmt":"2025-04-12T13:22:51","guid":{"rendered":"https:\/\/histoiredemaska.com\/?post_type=product&#038;p=4420"},"modified":"2025-04-25T14:42:16","modified_gmt":"2025-04-25T18:42:16","slug":"le-parcours-des-incendies","status":"publish","type":"product","link":"https:\/\/histoiredemaska.com\/en\/produit\/le-parcours-des-incendies\/","title":{"rendered":"Le parcours des incendies"},"content":{"rendered":"<p>La SDC centre-ville Saint-Hyacinthe et le Centre d\u2019histoire de Saint-Hyacinthe vous invitent \u00e0 d\u00e9couvrir le Parcours des incendies.<\/p>\n<p>Douze stations sont install\u00e9es afin de vous permettre d\u2019en apprendre davantage sur les grands feux qui ont marqu\u00e9 l\u2019histoire du centre-ville. Avec votre t\u00e9l\u00e9phone, vous devez scanner le code QR qui se trouve sur chacun des panneaux. Vous aurez ainsi acc\u00e8s \u00e0 du texte, des images et m\u00eame des extraits audio.<\/p>\n<p>La recherche et les textes ont \u00e9t\u00e9 r\u00e9alis\u00e9s par Anne-Sophie Robert, archiviste au Centre d\u2019histoire.<\/p>\n<p>Le circuit d\u00e9bute sur la rue Saint-Antoine, face au stationnement Jean-Louis Morin (ancien emplacement de l\u2019H\u00f4tel Ottawa). Vous pouvez toutefois d\u00e9buter \u00e0 l\u2019endroit de votre choix, une carte vous indiquera l\u2019emplacement de toutes les stations.<\/p>\n<p><strong>Photo de couverture:\u00a0<\/strong>Incendie des locaux de la Philarmonique en 1966. Centre d\u2019histoire de Saint-Hyacinthe, Fonds CH548 Raymond B\u00e9langer, photographe.<\/p>\n<p><img fetchpriority=\"high\" decoding=\"async\" class=\" wp-image-4308 aligncenter\" src=\"https:\/\/histoiredemaska.com\/wp-content\/uploads\/2024\/04\/Parcours-des-feux-2.0-_-300x300.png\" sizes=\"(max-width: 669px) 100vw, 669px\" srcset=\"https:\/\/histoiredemaska.com\/wp-content\/uploads\/2024\/04\/Parcours-des-feux-2.0-_-300x300.png 300w, https:\/\/histoiredemaska.com\/wp-content\/uploads\/2024\/04\/Parcours-des-feux-2.0-_-150x150.png 150w, https:\/\/histoiredemaska.com\/wp-content\/uploads\/2024\/04\/Parcours-des-feux-2.0-_-100x100.png 100w, https:\/\/histoiredemaska.com\/wp-content\/uploads\/2024\/04\/Parcours-des-feux-2.0-_.png 500w\" alt=\"\" width=\"669\" height=\"669\" \/><\/p>\n<p>&nbsp;<\/p>\n","protected":false},"excerpt":{"rendered":"<p>La SDC centre-ville Saint-Hyacinthe et le Centre d\u2019histoire de Saint-Hyacinthe vous invitent \u00e0 d\u00e9couvrir le Parcours des incendies. Douze stations sont install\u00e9es afin de vous permettre d\u2019en apprendre davantage sur les grands feux qui ont marqu\u00e9 l\u2019histoire du centre-ville. Avec votre t\u00e9l\u00e9phone, vous devez scanner le code QR qui se trouve sur chacun des panneaux. [&hellip;]<\/p>\n","protected":false},"featured_media":4422,"comment_status":"closed","ping_status":"closed","template":"","meta":{"_acf_changed":false},"product_brand":[],"product_cat":[35],"product_tag":[],"class_list":{"0":"post-4420","1":"product","2":"type-product","3":"status-publish","4":"has-post-thumbnail","6":"product_cat-evenements","8":"first","9":"instock","10":"shipping-taxable","11":"product-type-simple"},"acf":[],"_links":{"self":[{"href":"https:\/\/histoiredemaska.com\/en\/wp-json\/wp\/v2\/product\/4420","targetHints":{"allow":["GET"]}}],"collection":[{"href":"https:\/\/histoiredemaska.com\/en\/wp-json\/wp\/v2\/product"}],"about":[{"href":"https:\/\/histoiredemaska.com\/en\/wp-json\/wp\/v2\/types\/product"}],"replies":[{"embeddable":true,"href":"https:\/\/histoiredemaska.com\/en\/wp-json\/wp\/v2\/comments?post=4420"}],"version-history":[{"count":2,"href":"https:\/\/histoiredemaska.com\/en\/wp-json\/wp\/v2\/product\/4420\/revisions"}],"predecessor-version":[{"id":6089,"href":"https:\/\/histoiredemaska.com\/en\/wp-json\/wp\/v2\/product\/4420\/revisions\/6089"}],"wp:featuredmedia":[{"embeddable":true,"href":"https:\/\/histoiredemaska.com\/en\/wp-json\/wp\/v2\/media\/4422"}],"wp:attachment":[{"href":"https:\/\/histoiredemaska.com\/en\/wp-json\/wp\/v2\/media?parent=4420"}],"wp:term":[{"taxonomy":"product_brand","embeddable":true,"href":"https:\/\/histoiredemaska.com\/en\/wp-json\/wp\/v2\/product_brand?post=4420"},{"taxonomy":"product_cat","embeddable":true,"href":"https:\/\/histoiredemaska.com\/en\/wp-json\/wp\/v2\/product_cat?post=4420"},{"taxonomy":"product_tag","embeddable":true,"href":"https:\/\/histoiredemaska.com\/en\/wp-json\/wp\/v2\/product_tag?post=4420"}],"curies":[{"name":"wp","href":"https:\/\/api.w.org\/{rel}","templated":true}]}}