{"id":4547,"date":"2025-04-12T11:10:02","date_gmt":"2025-04-12T15:10:02","guid":{"rendered":"https:\/\/histoiredemaska.com\/?post_type=product&#038;p=4547"},"modified":"2025-04-25T13:49:01","modified_gmt":"2025-04-25T17:49:01","slug":"baladodecouverte-regard-sur-le-patrimoine-industriel-maskoutain","status":"publish","type":"product","link":"https:\/\/histoiredemaska.com\/en\/produit\/baladodecouverte-regard-sur-le-patrimoine-industriel-maskoutain\/","title":{"rendered":"BaladoD\u00e9couverte: Regard sur le patrimoine industriel maskoutain"},"content":{"rendered":"<div class=\"elementor-element elementor-element-34ffd82d e-flex e-con-boxed e-con e-parent\" data-id=\"34ffd82d\" data-element_type=\"container\">\n<div class=\"e-con-inner\">\n<div class=\"elementor-element elementor-element-a07c46 elementor-widget elementor-widget-text-editor\" data-id=\"a07c46\" data-element_type=\"widget\" data-widget_type=\"text-editor.default\">\n<div class=\"elementor-widget-container\">\n<p>Explorez une facette aujourd\u2019hui m\u00e9connue de l\u2019histoire de Saint-Hyacinthe : le d\u00e9veloppement industriel du quartier Bourg-Joli. L\u2019exp\u00e9rience sugg\u00e9r\u00e9e vous propose de visiter l\u2019emplacement des anciennes usines de la Goodyear, de la E.T. Corset et bien d\u2019autres encore!<\/p>\n<p>Nos douze points d\u2019int\u00e9r\u00eat vous permettront d\u2019en apprendre davantage sur le pass\u00e9 industriel captivant de Saint-Hyacinthe \u00e0 l\u2019aide de photos et de capsules vid\u00e9os et audios. Vous pourrez ainsi observer les diff\u00e9rentes transformations architecturales des usines et la mani\u00e8re dont elles ont transform\u00e9 le paysage du quartier, le tout accompagn\u00e9 d\u2019anecdotes et de faits historiques.<\/p>\n<p>SUR PLACE<\/p>\n<p>D\u00e9couvrez les lieux autour de vous \u00e0 votre rythme, selon ce qui vous int\u00e9resse. La carte interactive vous sugg\u00e8re un parcours et vous permet de rep\u00e9rer les points d\u2019int\u00e9r\u00eat et de visualiser votre position en temps r\u00e9el, en plus d\u2019acc\u00e9der \u00e0 chaque histoire sur demande.<\/p>\n<p>Pour une qualit\u00e9 d\u2019exp\u00e9rience optimale, nous vous recommandons d\u2019utiliser l\u2019application mobile BaladoD\u00e9couverte (plut\u00f4t que le site Web).<\/p>\n<p>\u00c9couteurs sugg\u00e9r\u00e9s : Le port d\u2019\u00e9couteurs pendant votre visite vous permettra de profiter pleinement de la qualit\u00e9 audio des r\u00e9cits et anecdotes qui accompagnent chaque point d\u2019int\u00e9r\u00eat.<\/p>\n<p><strong>Point de d\u00e9part:<\/strong>\u00a0<strong>L\u2019extr\u00e9mit\u00e9 sud du boulevard Laframboise, sur la place Paul-\u00c9mile Lemoine, pr\u00e8s du tunnel pi\u00e9tonnier.<\/strong><\/p>\n<p>Nous vous souhaitons d\u2019excellentes d\u00e9couvertes lors de votre excursion!<\/p>\n<p>\u00c0 LA MAISON<\/p>\n<p>Il est possible d\u2019acc\u00e9der au contenu sur le site Web sans avoir \u00e0 se rendre sur place. Vous n\u2019avez qu\u2019\u00e0 cliquer sur le lien suivant:<\/p>\n<p><a href=\"https:\/\/baladodecouverte.com\/circuits\/1251\/regard-sur-le-patrimoine-industriel-maskoutain\" target=\"_blank\" rel=\"noopener\">https:\/\/baladodecouverte.com\/circuits\/1251\/regard-sur-le-patrimoine-industriel-maskoutain<\/a><\/p>\n<p>Vous pouvez \u00e9galement balayer le code QR avec votre t\u00e9l\u00e9phone.<\/p>\n<p><img decoding=\"async\" class=\"alignnone wp-image-4485\" src=\"https:\/\/histoiredemaska.com\/wp-content\/uploads\/2024\/06\/saved_resource-300x300.png\" sizes=\"(max-width: 192px) 100vw, 192px\" srcset=\"https:\/\/histoiredemaska.com\/wp-content\/uploads\/2024\/06\/saved_resource-300x300.png 300w, https:\/\/histoiredemaska.com\/wp-content\/uploads\/2024\/06\/saved_resource-150x150.png 150w, https:\/\/histoiredemaska.com\/wp-content\/uploads\/2024\/06\/saved_resource-768x768.png 768w, https:\/\/histoiredemaska.com\/wp-content\/uploads\/2024\/06\/saved_resource-600x600.png 600w, https:\/\/histoiredemaska.com\/wp-content\/uploads\/2024\/06\/saved_resource-100x100.png 100w, https:\/\/histoiredemaska.com\/wp-content\/uploads\/2024\/06\/saved_resource.png 800w\" alt=\"\" width=\"192\" height=\"192\" \/><\/p>\n<p><strong>CR\u00c9DITS<\/strong><\/p>\n<p>Une production du Centre d\u2019histoire de Saint-Hyacinthe.<\/p>\n<p>Recherche, conception, r\u00e9daction: Jimy Pelletier, historien.<\/p>\n<p>R\u00e9vision: Martin Ostiguy, historien.<\/p>\n<p>Remerciements sp\u00e9ciaux \u00e0 la Ville de Saint-Hyacinthe, \u00e0 madame Chantal Soucy, d\u00e9put\u00e9e de Saint-Hyacinthe \u00e0 l\u2019Assembl\u00e9e nationale, \u00e0 monsieur Mathieu Lacombe, d\u00e9put\u00e9 de Papineau et Ministre de la Culture et des communications du Qu\u00e9bec ainsi qu\u2019\u00e0 monsieur Simon-Pierre Savard-Tremblay, d\u00e9put\u00e9 de Saint-Hyacinthe-Bagot \u00e0 la Chambre des communes.<\/p>\n<p><strong>Photo de couverture:\u00a0<\/strong>Employ\u00e9es de la E.T. Corset. Centre d&#8217;histoire de Saint-Hyacinthe, Fonds CH116 Studio Lumi\u00e8re.<\/p>\n<\/div>\n<\/div>\n<\/div>\n<\/div>\n<div class=\"elementor-element elementor-element-c8c1a5b e-flex e-con-boxed e-con e-parent\" data-id=\"c8c1a5b\" data-element_type=\"container\">\n<div class=\"e-con-inner\">\n<div class=\"elementor-element elementor-element-74dc0e4 elementor-widget elementor-widget-video\" data-id=\"74dc0e4\" data-element_type=\"widget\" data-settings=\"{&quot;youtube_url&quot;:&quot;https:\\\/\\\/www.youtube.com\\\/watch?v=fhPNEykbA_M&amp;t=13s&quot;,&quot;video_type&quot;:&quot;youtube&quot;,&quot;controls&quot;:&quot;yes&quot;}\" data-widget_type=\"video.default\">\n<div class=\"elementor-widget-container\">\n<div class=\"elementor-wrapper elementor-open-inline\"><iframe id=\"widget2\" class=\"elementor-video\" title=\"Regard sur la patrimoine industriel maskoutain\" src=\"https:\/\/www.youtube.com\/embed\/fhPNEykbA_M?controls=1&amp;rel=0&amp;playsinline=0&amp;modestbranding=0&amp;autoplay=0&amp;enablejsapi=1&amp;origin=https%3A%2F%2Fhistoiredemaska.com&amp;widgetid=1\" width=\"640\" height=\"360\" frameborder=\"0\" allowfullscreen=\"allowfullscreen\" data-mce-fragment=\"1\"><\/iframe><\/div>\n<\/div>\n<\/div>\n<\/div>\n<\/div>\n","protected":false},"excerpt":{"rendered":"<p>Explorez une facette aujourd\u2019hui m\u00e9connue de l\u2019histoire de Saint-Hyacinthe : le d\u00e9veloppement industriel du quartier Bourg-Joli. L\u2019exp\u00e9rience sugg\u00e9r\u00e9e vous propose de visiter l\u2019emplacement des anciennes usines de la Goodyear, de la E.T. Corset et bien d\u2019autres encore!<\/p>\n","protected":false},"featured_media":4549,"comment_status":"closed","ping_status":"closed","template":"","meta":{"_acf_changed":false},"product_brand":[],"product_cat":[35],"product_tag":[],"class_list":{"0":"post-4547","1":"product","2":"type-product","3":"status-publish","4":"has-post-thumbnail","6":"product_cat-evenements","8":"first","9":"instock","10":"shipping-taxable","11":"purchasable","12":"product-type-simple"},"acf":[],"_links":{"self":[{"href":"https:\/\/histoiredemaska.com\/en\/wp-json\/wp\/v2\/product\/4547","targetHints":{"allow":["GET"]}}],"collection":[{"href":"https:\/\/histoiredemaska.com\/en\/wp-json\/wp\/v2\/product"}],"about":[{"href":"https:\/\/histoiredemaska.com\/en\/wp-json\/wp\/v2\/types\/product"}],"replies":[{"embeddable":true,"href":"https:\/\/histoiredemaska.com\/en\/wp-json\/wp\/v2\/comments?post=4547"}],"version-history":[{"count":2,"href":"https:\/\/histoiredemaska.com\/en\/wp-json\/wp\/v2\/product\/4547\/revisions"}],"predecessor-version":[{"id":4550,"href":"https:\/\/histoiredemaska.com\/en\/wp-json\/wp\/v2\/product\/4547\/revisions\/4550"}],"wp:featuredmedia":[{"embeddable":true,"href":"https:\/\/histoiredemaska.com\/en\/wp-json\/wp\/v2\/media\/4549"}],"wp:attachment":[{"href":"https:\/\/histoiredemaska.com\/en\/wp-json\/wp\/v2\/media?parent=4547"}],"wp:term":[{"taxonomy":"product_brand","embeddable":true,"href":"https:\/\/histoiredemaska.com\/en\/wp-json\/wp\/v2\/product_brand?post=4547"},{"taxonomy":"product_cat","embeddable":true,"href":"https:\/\/histoiredemaska.com\/en\/wp-json\/wp\/v2\/product_cat?post=4547"},{"taxonomy":"product_tag","embeddable":true,"href":"https:\/\/histoiredemaska.com\/en\/wp-json\/wp\/v2\/product_tag?post=4547"}],"curies":[{"name":"wp","href":"https:\/\/api.w.org\/{rel}","templated":true}]}}