{"id":5011,"date":"2024-09-25T09:41:50","date_gmt":"2024-09-25T13:41:50","guid":{"rendered":"https:\/\/histoiredemaska.com\/?post_type=product&#038;p=5011"},"modified":"2024-09-25T09:54:52","modified_gmt":"2024-09-25T13:54:52","slug":"regards-sur-le-patrimoine-maskoutain","status":"publish","type":"product","link":"https:\/\/histoiredemaska.com\/en\/produit\/regards-sur-le-patrimoine-maskoutain\/","title":{"rendered":"Regards sur le patrimoine maskoutain"},"content":{"rendered":"<p><strong>*** Attention ***<\/strong> Le prix indiqu\u00e9 ici inclut les frais de poste et manutention.\u00a0 Pour vous \u00e9viter les frais, vous pouvez vous procurer la publication directement au Centre d\u2019histoire de Saint-Hyacinthe et \u00e0 la <a href=\"https:\/\/lintrigue.leslibraires.ca\/\" target=\"_blank\" rel=\"noopener\">librairie L&#8217;Intrigue<\/a> au co\u00fbt de 15$. Vous pouvez vous pr\u00e9senter au Centre d&#8217;histoire durant nos heures d\u2019ouverture, soit du lundi au jeudi de 8h00 \u00e0 12h00 et de 13h00 \u00e0 17h00 ainsi que le vendredi avant-midi, de 8h00 \u00e0 12h00. <strong>Ch\u00e8que et argent comptant seulement<\/strong>.<\/p>\n<p>Dans cette publication qui souligne le 20e anniversaire du Centre d&#8217;histoire de Saint-Hyacinthe, vous d\u00e9couvrirez l\u2019histoire des diff\u00e9rents acteurs qui se sont donn\u00e9 pour mission de diffuser l\u2019histoire de Saint-Hyacinthe et la r\u00e9gion depuis le XIXe si\u00e8cle jusqu\u2019\u00e0 aujourd\u2019hui. Vous pourrez \u00e9galement en apprendre davantage sur le patrimoine religieux de la MRC des Maskoutains.<\/p>\n<p><i><span style=\"font-weight: 400;\">Regards sur le patrimoine maskoutain. <\/span><\/i><span style=\"font-weight: 400;\">Martin Ostiguy et Anne-Sophie Robert, Centre d&#8217;histoire de Saint-Hyacinthe, 2024, 54 pages.<\/span><\/p>\n<p><i><span style=\"font-weight: 400;\">Frais de poste et manutention compris.<\/span><\/i><\/p>\n","protected":false},"excerpt":{"rendered":"<p>*** Attention *** Le prix indiqu\u00e9 ici inclut les frais de poste et manutention.\u00a0 Pour vous \u00e9viter les frais, vous pouvez vous procurer la publication directement au Centre d\u2019histoire de Saint-Hyacinthe et \u00e0 la librairie L&#8217;Intrigue au co\u00fbt de 15$. Vous pouvez vous pr\u00e9senter au Centre d&#8217;histoire durant nos heures d\u2019ouverture, soit du lundi au [&hellip;]<\/p>\n","protected":false},"featured_media":5014,"comment_status":"closed","ping_status":"closed","template":"","meta":{"_acf_changed":false},"product_brand":[],"product_cat":[42],"product_tag":[],"class_list":{"0":"post-5011","1":"product","2":"type-product","3":"status-publish","4":"has-post-thumbnail","6":"product_cat-publications","8":"first","9":"instock","10":"shipping-taxable","11":"purchasable","12":"product-type-simple"},"acf":[],"_links":{"self":[{"href":"https:\/\/histoiredemaska.com\/en\/wp-json\/wp\/v2\/product\/5011","targetHints":{"allow":["GET"]}}],"collection":[{"href":"https:\/\/histoiredemaska.com\/en\/wp-json\/wp\/v2\/product"}],"about":[{"href":"https:\/\/histoiredemaska.com\/en\/wp-json\/wp\/v2\/types\/product"}],"replies":[{"embeddable":true,"href":"https:\/\/histoiredemaska.com\/en\/wp-json\/wp\/v2\/comments?post=5011"}],"version-history":[{"count":7,"href":"https:\/\/histoiredemaska.com\/en\/wp-json\/wp\/v2\/product\/5011\/revisions"}],"predecessor-version":[{"id":5021,"href":"https:\/\/histoiredemaska.com\/en\/wp-json\/wp\/v2\/product\/5011\/revisions\/5021"}],"wp:featuredmedia":[{"embeddable":true,"href":"https:\/\/histoiredemaska.com\/en\/wp-json\/wp\/v2\/media\/5014"}],"wp:attachment":[{"href":"https:\/\/histoiredemaska.com\/en\/wp-json\/wp\/v2\/media?parent=5011"}],"wp:term":[{"taxonomy":"product_brand","embeddable":true,"href":"https:\/\/histoiredemaska.com\/en\/wp-json\/wp\/v2\/product_brand?post=5011"},{"taxonomy":"product_cat","embeddable":true,"href":"https:\/\/histoiredemaska.com\/en\/wp-json\/wp\/v2\/product_cat?post=5011"},{"taxonomy":"product_tag","embeddable":true,"href":"https:\/\/histoiredemaska.com\/en\/wp-json\/wp\/v2\/product_tag?post=5011"}],"curies":[{"name":"wp","href":"https:\/\/api.w.org\/{rel}","templated":true}]}}