{"id":5092,"date":"2024-10-21T10:16:58","date_gmt":"2024-10-21T14:16:58","guid":{"rendered":"https:\/\/histoiredemaska.com\/?post_type=product&#038;p=5092"},"modified":"2024-10-21T10:16:58","modified_gmt":"2024-10-21T14:16:58","slug":"140-ans-de-baseball-a-saint-hyacinthe","status":"publish","type":"product","link":"https:\/\/histoiredemaska.com\/en\/produit\/140-ans-de-baseball-a-saint-hyacinthe\/","title":{"rendered":"140 ans de baseball \u00e0 Saint-Hyacinthe"},"content":{"rendered":"<p>Cette publication, parue en 2014, raconte l&#8217;histoire du baseball \u00e0 Saint-Hyacinthe, en commen\u00e7ant par ses d\u00e9buts au S\u00e9minaire de Saint-Hyacinthe \u00e0 la fin du mois d&#8217;avril 1874. Gr\u00e2ce aux \u00e9tudiants du S\u00e9minaire, Saint-Hyacinthe est l&#8217;une des premi\u00e8res villes du Qu\u00e9bec \u00e0 go\u00fbter au baseball. Cette publication pr\u00e9sente les diff\u00e9rents clubs de baseball maskoutains. On souligne \u00e9galement l&#8217;apport de plusieurs joueurs, joueuses et entraineurs maskoutains. Une riche histoire \u00e0 d\u00e9couvrir!<\/p>\n<p><em>140 ans de baseball \u00e0 Saint-Hyacinthe.\u00a0<\/em>Patrick Carpentier et Paul Foisy, Sport et Soci\u00e9t\u00e9, 2014, 72 pages.<\/p>\n<p><em>Frais de poste et manutention compris.<\/em><\/p>\n<p>&nbsp;<\/p>\n","protected":false},"excerpt":{"rendered":"<p>Cette publication, parue en 2014, raconte l&#8217;histoire du baseball \u00e0 Saint-Hyacinthe, en commen\u00e7ant par ses d\u00e9buts au S\u00e9minaire de Saint-Hyacinthe \u00e0 la fin du mois d&#8217;avril 1874. Gr\u00e2ce aux \u00e9tudiants du S\u00e9minaire, Saint-Hyacinthe est l&#8217;une des premi\u00e8res villes du Qu\u00e9bec \u00e0 go\u00fbter au baseball. Cette publication pr\u00e9sente les diff\u00e9rents clubs de baseball maskoutains. On souligne [&hellip;]<\/p>\n","protected":false},"featured_media":5097,"comment_status":"closed","ping_status":"closed","template":"","meta":{"_acf_changed":false},"product_brand":[],"product_cat":[42],"product_tag":[],"class_list":{"0":"post-5092","1":"product","2":"type-product","3":"status-publish","4":"has-post-thumbnail","6":"product_cat-publications","8":"first","9":"instock","10":"shipping-taxable","11":"purchasable","12":"product-type-simple"},"acf":[],"_links":{"self":[{"href":"https:\/\/histoiredemaska.com\/en\/wp-json\/wp\/v2\/product\/5092","targetHints":{"allow":["GET"]}}],"collection":[{"href":"https:\/\/histoiredemaska.com\/en\/wp-json\/wp\/v2\/product"}],"about":[{"href":"https:\/\/histoiredemaska.com\/en\/wp-json\/wp\/v2\/types\/product"}],"replies":[{"embeddable":true,"href":"https:\/\/histoiredemaska.com\/en\/wp-json\/wp\/v2\/comments?post=5092"}],"version-history":[{"count":2,"href":"https:\/\/histoiredemaska.com\/en\/wp-json\/wp\/v2\/product\/5092\/revisions"}],"predecessor-version":[{"id":5094,"href":"https:\/\/histoiredemaska.com\/en\/wp-json\/wp\/v2\/product\/5092\/revisions\/5094"}],"wp:featuredmedia":[{"embeddable":true,"href":"https:\/\/histoiredemaska.com\/en\/wp-json\/wp\/v2\/media\/5097"}],"wp:attachment":[{"href":"https:\/\/histoiredemaska.com\/en\/wp-json\/wp\/v2\/media?parent=5092"}],"wp:term":[{"taxonomy":"product_brand","embeddable":true,"href":"https:\/\/histoiredemaska.com\/en\/wp-json\/wp\/v2\/product_brand?post=5092"},{"taxonomy":"product_cat","embeddable":true,"href":"https:\/\/histoiredemaska.com\/en\/wp-json\/wp\/v2\/product_cat?post=5092"},{"taxonomy":"product_tag","embeddable":true,"href":"https:\/\/histoiredemaska.com\/en\/wp-json\/wp\/v2\/product_tag?post=5092"}],"curies":[{"name":"wp","href":"https:\/\/api.w.org\/{rel}","templated":true}]}}