{"id":6406,"date":"2024-03-05T12:46:10","date_gmt":"2024-03-05T17:46:10","guid":{"rendered":"https:\/\/histoiredemaska.com\/?post_type=product&#038;p=6406"},"modified":"2025-10-08T14:06:02","modified_gmt":"2025-10-08T18:06:02","slug":"conference-divertissement-libertinage-et-ivrognerie-en-nouvelle-france-2","status":"publish","type":"product","link":"https:\/\/histoiredemaska.com\/en\/produit\/conference-divertissement-libertinage-et-ivrognerie-en-nouvelle-france-2\/","title":{"rendered":"Conf\u00e9rence pass\u00e9e : Divertissement, libertinage et ivrognerie en Nouvelle-France"},"content":{"rendered":"<p><strong>Aper\u00e7u de la conf\u00e9rence :<\/strong><\/p>\n<p>Les Canadiens qui peuplaient la vall\u00e9e du Saint-Laurent aux 17e et 18e si\u00e8cles savaient s\u2019amuser. Certes, la vie comportait son lot de d\u00e9fis, mais il n\u2019\u00e9tait pas question de laisser tomber le plaisir! En compagnie de Catherine Ferland, d\u00e9couvrez certains des divertissements en vogue en Nouvelle-France, de m\u00eame que des us et coutumes en lien avec le libertinage et la consommation d\u2019alcool.<\/p>\n<p><strong>\u00c0 propos de la conf\u00e9renci\u00e8re :<\/strong><\/p>\n<p>Catherine Ferland est sp\u00e9cialiste d\u2019histoire culturelle du Qu\u00e9bec. Depuis 20 ans, elle agit comme consultante aupr\u00e8s de mus\u00e9es, organismes gouvernementaux, municipalit\u00e9s et entreprises priv\u00e9es, en plus d\u2019intervenir r\u00e9guli\u00e8rement dans les m\u00e9dias. Elle est l\u2019autrice de plusieurs ouvrages, dont\u00a0<em>Bacchus en Canada: boissons, buveurs et ivresses en Nouvelle-France<\/em>, et elle est l\u2019\u00e9ditrice et directrice de la collection \u00abAujourd\u2019hui l\u2019histoire\u00bb aux \u00e9ditions du Septentrion.<\/p>\n<h3>Cette conf\u00e9rence aura lieu le mardi 1er avril 2025 au Centre culturel Humania Assurance (1675, rue Saint-Pierre Ouest, Saint-Hyacinthe).<\/h3>\n<p>Le co\u00fbt est de 5 $ pour les non-membres et l\u2019entr\u00e9e est gratuite pour les membres.<\/p>\n<p>Pour en savoir plus :\u00a0<a href=\"https:\/\/histoiredemaska.com\/conferences-a-venir\/\">Un aper\u00e7u des conf\u00e9rences pr\u00e9sent\u00e9es ce printemps<\/a><\/p>\n","protected":false},"excerpt":{"rendered":"<p>Aper\u00e7u de la conf\u00e9rence : Les Canadiens qui peuplaient la vall\u00e9e du Saint-Laurent aux 17e et 18e si\u00e8cles savaient s\u2019amuser. Certes, la vie comportait son lot de d\u00e9fis, mais il n\u2019\u00e9tait pas question de laisser tomber le plaisir! En compagnie de Catherine Ferland, d\u00e9couvrez certains des divertissements en vogue en Nouvelle-France, de m\u00eame que des [&hellip;]<\/p>\n","protected":false},"featured_media":6399,"comment_status":"closed","ping_status":"closed","template":"","meta":{"_acf_changed":false},"product_brand":[],"product_cat":[35],"product_tag":[],"class_list":{"0":"post-6406","1":"product","2":"type-product","3":"status-publish","4":"has-post-thumbnail","6":"product_cat-evenements","8":"first","9":"instock","10":"shipping-taxable","11":"product-type-simple"},"acf":[],"_links":{"self":[{"href":"https:\/\/histoiredemaska.com\/en\/wp-json\/wp\/v2\/product\/6406","targetHints":{"allow":["GET"]}}],"collection":[{"href":"https:\/\/histoiredemaska.com\/en\/wp-json\/wp\/v2\/product"}],"about":[{"href":"https:\/\/histoiredemaska.com\/en\/wp-json\/wp\/v2\/types\/product"}],"replies":[{"embeddable":true,"href":"https:\/\/histoiredemaska.com\/en\/wp-json\/wp\/v2\/comments?post=6406"}],"version-history":[{"count":3,"href":"https:\/\/histoiredemaska.com\/en\/wp-json\/wp\/v2\/product\/6406\/revisions"}],"predecessor-version":[{"id":7593,"href":"https:\/\/histoiredemaska.com\/en\/wp-json\/wp\/v2\/product\/6406\/revisions\/7593"}],"wp:featuredmedia":[{"embeddable":true,"href":"https:\/\/histoiredemaska.com\/en\/wp-json\/wp\/v2\/media\/6399"}],"wp:attachment":[{"href":"https:\/\/histoiredemaska.com\/en\/wp-json\/wp\/v2\/media?parent=6406"}],"wp:term":[{"taxonomy":"product_brand","embeddable":true,"href":"https:\/\/histoiredemaska.com\/en\/wp-json\/wp\/v2\/product_brand?post=6406"},{"taxonomy":"product_cat","embeddable":true,"href":"https:\/\/histoiredemaska.com\/en\/wp-json\/wp\/v2\/product_cat?post=6406"},{"taxonomy":"product_tag","embeddable":true,"href":"https:\/\/histoiredemaska.com\/en\/wp-json\/wp\/v2\/product_tag?post=6406"}],"curies":[{"name":"wp","href":"https:\/\/api.w.org\/{rel}","templated":true}]}}