{"id":6516,"date":"2024-04-02T11:36:01","date_gmt":"2024-04-02T15:36:01","guid":{"rendered":"https:\/\/histoiredemaska.com\/?post_type=product&#038;p=6516"},"modified":"2025-10-08T14:05:04","modified_gmt":"2025-10-08T18:05:04","slug":"conference-vices-et-moralite-en-temps-de-guerre-lexemple-de-montreal-et-quebec-pendant-la-seconde-guerre-mondiale","status":"publish","type":"product","link":"https:\/\/histoiredemaska.com\/en\/produit\/conference-vices-et-moralite-en-temps-de-guerre-lexemple-de-montreal-et-quebec-pendant-la-seconde-guerre-mondiale\/","title":{"rendered":"Conf\u00e9rence pass\u00e9e : Vices et moralit\u00e9 en temps de guerre: l\u2019exemple de Montr\u00e9al et Qu\u00e9bec pendant la Seconde Guerre mondiale"},"content":{"rendered":"<p>Pendant la Seconde Guerre mondiale, les normes de moralit\u00e9 de la soci\u00e9t\u00e9 canadienne ont \u00e9t\u00e9 s\u00e9rieusement mises \u00e0 l\u2019\u00e9preuve. Au Qu\u00e9bec, comme partout ailleurs au pays, l\u2019effort de guerre engendre une nouvelle prosp\u00e9rit\u00e9 \u00e9conomique, une intensification de la migration vers les centres urbains grands et petits ainsi qu\u2019une \u00e9bullition sociale et culturelle. Surtout, la guerre suscite une entr\u00e9e massive de milliers de jeunes hommes et femmes dans les institutions militaires canadiennes. Mais l\u2019ennui pr\u00e9valent sur les bases militaires, la bri\u00e8vet\u00e9 des permissions, le besoin de vivre intens\u00e9ment et la culture militaire encouragent le vice sous toutes ces formes. Les jeux d\u2019argent et de hasard, la promiscuit\u00e9 sexuelle, la prostitution et la consommation d\u2019alcool progressent rapidement dans la province, mais plus particuli\u00e8rement \u00e0 Qu\u00e9bec et \u00e0 Montr\u00e9al. En cette p\u00e9riode troubl\u00e9e, on s\u2019interroge de plus en plus sur l\u2019augmentation des naissances ill\u00e9gitimes, des maladies v\u00e9n\u00e9riennes, de l\u2019ivresse, des troubles \u00e0 l\u2019ordre public et de la pratique de jeux de hasard et d\u2019argent. Ces appr\u00e9hensions se font l\u2019\u00e9cho de l\u2019angoisse plus g\u00e9n\u00e9ral des citoyens et des \u00e9lites devant la d\u00e9composition des valeurs morales et sociales provoqu\u00e9e par la guerre, ph\u00e9nom\u00e8ne, croient-ils, contre lequel le Qu\u00e9bec doit imp\u00e9rativement r\u00e9agir. La question se pose: comment les grandes tendances du vice en temps de guerre se refl\u00e8tent-ils \u00e0 Montr\u00e9al et \u00e0 Qu\u00e9bec? C\u2019est ce \u00e0 quoi cette conf\u00e9rence s\u2019attardera.<\/p>\n<p>&nbsp;<\/p>\n<p>Prenez note qu&#8217;il s&#8217;agit de notre derni\u00e8re conf\u00e9rence de la saison 2025-2026. C&#8217;est un rendez-vous le mardi 6 mai \u00e0 19h au Centre culturel Humania Assurance (1675 Rue Saint-Pierre Ouest, Saint-Hyacinthe).<\/p>\n<p>Le co\u00fbt est de 5 $ pour les non-membres et l\u2019entr\u00e9e est gratuite pour les membres.<\/p>\n<p>&nbsp;<\/p>\n<h3><strong>\u00c0 propos de la conf\u00e9renci\u00e8re:<\/strong><\/h3>\n<p>Caroline D\u2019Amours est professeure adjointe au Coll\u00e8ge militaire royal du Canada \u00e0 Kingston et chercheuse associ\u00e9e \u00e0 l\u2019International History Institute, Boston University. Sp\u00e9cialiste de l\u2019histoire militaire du Canada apr\u00e8s 1867, ses recherches portent sur la formation des fantassins canadiens de 1939 \u00e0 1945 ainsi que sur la participation de la soci\u00e9t\u00e9 qu\u00e9b\u00e9coise aux deux guerres mondiales.<\/p>\n","protected":false},"excerpt":{"rendered":"<p>Pendant la Seconde Guerre mondiale, les normes de moralit\u00e9 de la soci\u00e9t\u00e9 canadienne ont \u00e9t\u00e9 s\u00e9rieusement mises \u00e0 l\u2019\u00e9preuve. Au Qu\u00e9bec, comme partout ailleurs au pays, l\u2019effort de guerre engendre une nouvelle prosp\u00e9rit\u00e9 \u00e9conomique, une intensification de la migration vers les centres urbains grands et petits ainsi qu\u2019une \u00e9bullition sociale et culturelle. Surtout, la guerre [&hellip;]<\/p>\n","protected":false},"featured_media":6519,"comment_status":"closed","ping_status":"closed","template":"","meta":{"_acf_changed":false},"product_brand":[],"product_cat":[113,35],"product_tag":[],"class_list":{"0":"post-6516","1":"product","2":"type-product","3":"status-publish","4":"has-post-thumbnail","6":"product_cat-evenement-culturel","7":"product_cat-evenements","9":"first","10":"instock","11":"sale","12":"shipping-taxable","13":"purchasable","14":"product-type-simple"},"acf":[],"_links":{"self":[{"href":"https:\/\/histoiredemaska.com\/en\/wp-json\/wp\/v2\/product\/6516","targetHints":{"allow":["GET"]}}],"collection":[{"href":"https:\/\/histoiredemaska.com\/en\/wp-json\/wp\/v2\/product"}],"about":[{"href":"https:\/\/histoiredemaska.com\/en\/wp-json\/wp\/v2\/types\/product"}],"replies":[{"embeddable":true,"href":"https:\/\/histoiredemaska.com\/en\/wp-json\/wp\/v2\/comments?post=6516"}],"version-history":[{"count":5,"href":"https:\/\/histoiredemaska.com\/en\/wp-json\/wp\/v2\/product\/6516\/revisions"}],"predecessor-version":[{"id":7592,"href":"https:\/\/histoiredemaska.com\/en\/wp-json\/wp\/v2\/product\/6516\/revisions\/7592"}],"wp:featuredmedia":[{"embeddable":true,"href":"https:\/\/histoiredemaska.com\/en\/wp-json\/wp\/v2\/media\/6519"}],"wp:attachment":[{"href":"https:\/\/histoiredemaska.com\/en\/wp-json\/wp\/v2\/media?parent=6516"}],"wp:term":[{"taxonomy":"product_brand","embeddable":true,"href":"https:\/\/histoiredemaska.com\/en\/wp-json\/wp\/v2\/product_brand?post=6516"},{"taxonomy":"product_cat","embeddable":true,"href":"https:\/\/histoiredemaska.com\/en\/wp-json\/wp\/v2\/product_cat?post=6516"},{"taxonomy":"product_tag","embeddable":true,"href":"https:\/\/histoiredemaska.com\/en\/wp-json\/wp\/v2\/product_tag?post=6516"}],"curies":[{"name":"wp","href":"https:\/\/api.w.org\/{rel}","templated":true}]}}