{"id":6615,"date":"2026-05-03T15:36:14","date_gmt":"2026-05-03T19:36:14","guid":{"rendered":"https:\/\/histoiredemaska.com\/?post_type=product&#038;p=6615"},"modified":"2026-05-04T11:27:27","modified_gmt":"2026-05-04T15:27:27","slug":"developpement-industriel-du-quartier-bourg-joli","status":"publish","type":"product","link":"https:\/\/histoiredemaska.com\/en\/produit\/developpement-industriel-du-quartier-bourg-joli\/","title":{"rendered":"D\u00e9veloppement industriel du quartier Bourg-Joli (plusieurs dates)"},"content":{"rendered":"<p>Dates : les vendredis 12 juin, 10 juillet, 14 ao\u00fbt et 21 ao\u00fbt<\/p>\n<p>Horaire : 13h30 \u00e0 15h<\/p>\n<p>D\u00e9but de la visite \u00e0 la place Paul-\u00c9mile-Lemoine au 1700, boul. Laframboise (anciennement E.T. Corset). Stationnement disponible gratuitement dans les rues avoisinantes.<\/p>\n<p>Jo\u00eblle Th\u00e9rien, historienne au Centre d&#8217;histoire de Saint-Hyacinthe, parlera des usines qui ont marqu\u00e9 le paysage maskoutain et qui ont permis le d\u00e9veloppement du quartier Bourg-Joli au d\u00e9but du 20e si\u00e8cle. En marchant dans les rues de cet ancien quartier industriel, il sera possible d\u2019observer les transformations qui ont eu lieu au fil des ans \u00e0 travers l&#8217;histoire de 12 lieux.<\/p>\n<p>Prenez note qu&#8217;il n&#8217;y a aucune toilette sur place et que le circuit est enti\u00e8rement r\u00e9alis\u00e9 \u00e0 l&#8217;ext\u00e9rieur.<\/p>\n<p>La visite aura lieu beau temps, mauvais temps. Cette activit\u00e9 est gratuite et aucune r\u00e9servation n&#8217;est requise.<\/p>\n<p>Photo\u00a0: Eastern Township Corset, vers 1956. Centre d\u2019histoire de Saint-Hyacinthe. Fonds CH116 Studio Lumi\u00e8re<\/p>\n<p>Prenez note qu&#8217;il est \u00e9galement possible d&#8217;effectuer la visite de mani\u00e8re autonome avec un appareil intelligent via l&#8217;application <a href=\"https:\/\/baladodecouverte.com\/circuits\/1251\/regard-sur-le-patrimoine-industriel-maskoutain\" target=\"_blank\" rel=\"noopener\">BaladoD\u00e9couverte<\/a>.<\/p>\n","protected":false},"excerpt":{"rendered":"<p>Mardi 10 juin \u00e0 13h30<\/p>\n<p>Dur\u00e9e : 90 min.<\/p>\n<p>D\u00e9but de la visite \u00e0 la place Paul-\u00c9mile-Lemoine au 1700, Boul. Laframboise (anciennement E.T. Corset). Stationnement disponible gratuitement dans les rues avoisinantes.<\/p>\n<p>Isabelle Martin parlera des usines qui ont marqu\u00e9 le paysage maskoutain et qui ont permis le d\u00e9veloppement du quartier Bourg-Joli au d\u00e9but du XXe si\u00e8cle. En marchant dans les rues de cet ancien quartier industriel, il sera possible d\u2019observer l\u2019architecture et les transformations qui ont eu lieu au fil des ans \u00e0 travers l&#8217;histoire de 12 lieux. La visite aura lieu beau temps, mauvais temps.<\/p>\n<p>Prenez note qu&#8217;il n&#8217;y a aucune toilette sur place et que le circuit est enti\u00e8rement r\u00e9alis\u00e9 \u00e0 l&#8217;ext\u00e9rieur.<\/p>\n","protected":false},"featured_media":6619,"comment_status":"closed","ping_status":"closed","template":"","meta":{"_acf_changed":false},"product_brand":[],"product_cat":[36],"product_tag":[],"class_list":{"0":"post-6615","1":"product","2":"type-product","3":"status-publish","4":"has-post-thumbnail","6":"product_cat-visites-guidees","8":"first","9":"instock","10":"shipping-taxable","11":"purchasable","12":"product-type-simple"},"acf":[],"_links":{"self":[{"href":"https:\/\/histoiredemaska.com\/en\/wp-json\/wp\/v2\/product\/6615","targetHints":{"allow":["GET"]}}],"collection":[{"href":"https:\/\/histoiredemaska.com\/en\/wp-json\/wp\/v2\/product"}],"about":[{"href":"https:\/\/histoiredemaska.com\/en\/wp-json\/wp\/v2\/types\/product"}],"replies":[{"embeddable":true,"href":"https:\/\/histoiredemaska.com\/en\/wp-json\/wp\/v2\/comments?post=6615"}],"version-history":[{"count":13,"href":"https:\/\/histoiredemaska.com\/en\/wp-json\/wp\/v2\/product\/6615\/revisions"}],"predecessor-version":[{"id":8437,"href":"https:\/\/histoiredemaska.com\/en\/wp-json\/wp\/v2\/product\/6615\/revisions\/8437"}],"wp:featuredmedia":[{"embeddable":true,"href":"https:\/\/histoiredemaska.com\/en\/wp-json\/wp\/v2\/media\/6619"}],"wp:attachment":[{"href":"https:\/\/histoiredemaska.com\/en\/wp-json\/wp\/v2\/media?parent=6615"}],"wp:term":[{"taxonomy":"product_brand","embeddable":true,"href":"https:\/\/histoiredemaska.com\/en\/wp-json\/wp\/v2\/product_brand?post=6615"},{"taxonomy":"product_cat","embeddable":true,"href":"https:\/\/histoiredemaska.com\/en\/wp-json\/wp\/v2\/product_cat?post=6615"},{"taxonomy":"product_tag","embeddable":true,"href":"https:\/\/histoiredemaska.com\/en\/wp-json\/wp\/v2\/product_tag?post=6615"}],"curies":[{"name":"wp","href":"https:\/\/api.w.org\/{rel}","templated":true}]}}