{"id":7207,"date":"2025-11-30T13:32:08","date_gmt":"2025-11-30T18:32:08","guid":{"rendered":"https:\/\/histoiredemaska.com\/?post_type=product&#038;p=7207"},"modified":"2026-04-08T10:15:49","modified_gmt":"2026-04-08T14:15:49","slug":"atelier-de-mediation-culturelle-1","status":"publish","type":"product","link":"https:\/\/histoiredemaska.com\/en\/produit\/atelier-de-mediation-culturelle-1\/","title":{"rendered":"Atelier de m\u00e9diation culturelle \u00e0 La Pr\u00e9sentation"},"content":{"rendered":"<p>Dans le cadre de l&#8217;\u00e9v\u00e9nement <em>La ru\u00e9e vers l&#8217;orgue,\u00a0<\/em>le Centre d&#8217;histoire et la MRC invitent le public \u00e0 participer \u00e0 un atelier de m\u00e9diation culturelle en compagnie de l\u2019organiste Jean-Willy Kunz, organiste en r\u00e9sidence de l\u2019Orchestre symphonique de Montr\u00e9al.<\/p>\n<p>Une belle occasion pour apprivoiser le fonctionnement d\u2019un orgue!<\/p>\n<p>L&#8217;activit\u00e9 aura lieu le samedi 2 mai de 13h30 \u00e0 14h30 \u00e0 l&#8217;\u00e9glise de La Pr\u00e9sentation (809, rue Principale, La Pr\u00e9sentation).<\/p>\n<p>Les enfants sont les bienvenus!<\/p>\n<p>Des b\u00e9n\u00e9voles seront sur place pour indiquer quel escalier emprunter pour montrer dans le jub\u00e9 o\u00f9 est situ\u00e9 l\u2019orgue. Prenez note que l\u2019atelier de m\u00e9diation sera film\u00e9 et que nous demanderons aux personnes participantes de signer une autorisation \u00e0 cet effet.<\/p>\n<p><strong>L\u2019activit\u00e9 est gratuite, mais l\u2019inscription est obligatoire.<\/strong><\/p>\n<p>Pour r\u00e9server votre place, vous devez ajouter la quantit\u00e9 d\u00e9sir\u00e9e \u00e0 votre panier et suivre les \u00e9tapes en remplissant le formulaire en ligne. Vous recevrez ensuite un premier courriel avec un num\u00e9ro de commande qui sera suivi, quelques jours plus tard, d\u2019un autre courriel qui confirmera votre inscription.<\/p>\n<p>Photo de Christophe Morin: Orgue de l&#8217;\u00e9glise de La Pr\u00e9sentation, 2025. Centre d&#8217;histoire de Saint-Hyacinthe. Fonds CH690 Centre d&#8217;histoire de Saint-Hyacinthe<\/p>\n","protected":false},"excerpt":{"rendered":"<p>Dans le cadre de l&#8217;\u00e9v\u00e9nement La ru\u00e9e vers l&#8217;orgue,\u00a0le Centre d&#8217;histoire et la MRC invitent le public \u00e0 participer \u00e0 un atelier de m\u00e9diation culturelle en compagnie de l\u2019organiste Jean-Willy Kunz, organiste en r\u00e9sidence de l\u2019Orchestre symphonique de Montr\u00e9al. Une belle occasion pour apprivoiser le fonctionnement d\u2019un orgue! L&#8217;activit\u00e9 aura lieu le samedi 2 mai [&hellip;]<\/p>\n","protected":false},"featured_media":8273,"comment_status":"closed","ping_status":"closed","template":"","meta":{"_acf_changed":false},"product_brand":[],"product_cat":[113,114],"product_tag":[],"class_list":{"0":"post-7207","1":"product","2":"type-product","3":"status-publish","4":"has-post-thumbnail","6":"product_cat-evenement-culturel","7":"product_cat-formation","9":"first","10":"instock","11":"shipping-taxable","12":"purchasable","13":"product-type-simple"},"acf":[],"_links":{"self":[{"href":"https:\/\/histoiredemaska.com\/en\/wp-json\/wp\/v2\/product\/7207","targetHints":{"allow":["GET"]}}],"collection":[{"href":"https:\/\/histoiredemaska.com\/en\/wp-json\/wp\/v2\/product"}],"about":[{"href":"https:\/\/histoiredemaska.com\/en\/wp-json\/wp\/v2\/types\/product"}],"replies":[{"embeddable":true,"href":"https:\/\/histoiredemaska.com\/en\/wp-json\/wp\/v2\/comments?post=7207"}],"version-history":[{"count":13,"href":"https:\/\/histoiredemaska.com\/en\/wp-json\/wp\/v2\/product\/7207\/revisions"}],"predecessor-version":[{"id":8308,"href":"https:\/\/histoiredemaska.com\/en\/wp-json\/wp\/v2\/product\/7207\/revisions\/8308"}],"wp:featuredmedia":[{"embeddable":true,"href":"https:\/\/histoiredemaska.com\/en\/wp-json\/wp\/v2\/media\/8273"}],"wp:attachment":[{"href":"https:\/\/histoiredemaska.com\/en\/wp-json\/wp\/v2\/media?parent=7207"}],"wp:term":[{"taxonomy":"product_brand","embeddable":true,"href":"https:\/\/histoiredemaska.com\/en\/wp-json\/wp\/v2\/product_brand?post=7207"},{"taxonomy":"product_cat","embeddable":true,"href":"https:\/\/histoiredemaska.com\/en\/wp-json\/wp\/v2\/product_cat?post=7207"},{"taxonomy":"product_tag","embeddable":true,"href":"https:\/\/histoiredemaska.com\/en\/wp-json\/wp\/v2\/product_tag?post=7207"}],"curies":[{"name":"wp","href":"https:\/\/api.w.org\/{rel}","templated":true}]}}