{"id":7226,"date":"2025-12-01T13:33:39","date_gmt":"2025-12-01T18:33:39","guid":{"rendered":"https:\/\/histoiredemaska.com\/?post_type=product&#038;p=7226"},"modified":"2026-03-23T13:48:15","modified_gmt":"2026-03-23T17:48:15","slug":"la-ruee-vers-lorgue-a-saint-pie","status":"publish","type":"product","link":"https:\/\/histoiredemaska.com\/en\/produit\/la-ruee-vers-lorgue-a-saint-pie\/","title":{"rendered":"La ru\u00e9e vers l&#8217;orgue \u00e0 La Pr\u00e9sentation"},"content":{"rendered":"<p>La 4e \u00e9dition de l&#8217;\u00e9v\u00e9nement Orgues et patrimoine s&#8217;ouvrira avec un concert mettant en vedette cinq musiciens passionn\u00e9s dans un d\u00e9cor qui nous ram\u00e8ne au 19e si\u00e8cle!<\/p>\n<p>L\u2019Ensemble Inspirationz, une formation musicale unique fusionnant l\u2019orgue classique \u00e0 un quintette de jazz, offrira aux spectateurs des pi\u00e8ces vari\u00e9es m\u00ealant classique et jazz. Pour en savoir davantage sur ce groupe r\u00e9unissant cinq virtuoses enti\u00e8rement d\u00e9vou\u00e9s \u00e0 leur art, cliquez <a href=\"https:\/\/www.tuxedoswing.ca\/inspirationz\" target=\"_blank\" rel=\"noopener\">ici<\/a>. Entre les pi\u00e8ces musicales, Jo\u00eblle Th\u00e9rien, historienne au Centre d\u2019histoire de Saint-Hyacinthe, parlera de l\u2019histoire de l&#8217;\u00e9glise de La Pr\u00e9sentation, un lieu hautement patrimonial. Cette \u00e9glise et son site sont les seuls immeubles class\u00e9s par le gouvernement du Qu\u00e9bec sur le territoire de la MRC Les Maskoutains. De plus, il s\u2019agit de l&#8217;une des rares paroisses de la r\u00e9gion \u00e0 avoir conserv\u00e9 son \u00e9glise dans son \u00e9tat original, le b\u00e2timent n&#8217;ayant jamais \u00e9t\u00e9 frapp\u00e9 par un incendie ou par les intemp\u00e9ries.<\/p>\n<p>L&#8217;\u00e9v\u00e9nement d\u00e9butera le samedi 2 mai \u00e0 19 h \u00e0 l\u2019\u00e9glise de La Pr\u00e9sentation (809, rue Principale, La Pr\u00e9sentation).<\/p>\n<p>Aucune r\u00e9servation requise.<\/p>\n<p>Si vous souhaitez d\u00e9couvrir le fonctionnement de l&#8217;orgue, vous \u00eates invit\u00e9s \u00e0 assister \u00e0 l&#8217;atelier de m\u00e9diation culturelle qui se d\u00e9roulera \u00e0 13 h 30. L&#8217;inscription se fait sur notre <strong><a href=\"https:\/\/histoiredemaska.com\/produit\/atelier-de-mediation-culturelle-1\/\">boutique en ligne<\/a><\/strong>.<\/p>\n<p>Ces \u00e9v\u00e9nements sont gratuits, mais il sera possible de faire des dons pour soutenir la Fabrique.<\/p>\n<p>Photo de Christophe Morin: \u00c9glise de La Pr\u00e9sentation, 2025. Centre d\u2019histoire de Saint-Hyacinthe. Fonds CH690 Centre d\u2019histoire de Saint-Hyacinthe<\/p>\n","protected":false},"excerpt":{"rendered":"<p>La 4e \u00e9dition de l&#8217;\u00e9v\u00e9nement Orgues et patrimoine s&#8217;ouvrira avec un concert mettant en vedette cinq musiciens passionn\u00e9s dans un d\u00e9cor qui nous ram\u00e8ne au 19e si\u00e8cle! L\u2019Ensemble Inspirationz, une formation musicale unique fusionnant l\u2019orgue classique \u00e0 un quintette de jazz, offrira aux spectateurs des pi\u00e8ces vari\u00e9es m\u00ealant classique et jazz. Pour en savoir davantage [&hellip;]<\/p>\n","protected":false},"featured_media":8285,"comment_status":"closed","ping_status":"closed","template":"","meta":{"_acf_changed":false},"product_brand":[],"product_cat":[113,35],"product_tag":[],"class_list":{"0":"post-7226","1":"product","2":"type-product","3":"status-publish","4":"has-post-thumbnail","6":"product_cat-evenement-culturel","7":"product_cat-evenements","9":"first","10":"instock","11":"shipping-taxable","12":"purchasable","13":"product-type-simple"},"acf":[],"_links":{"self":[{"href":"https:\/\/histoiredemaska.com\/en\/wp-json\/wp\/v2\/product\/7226","targetHints":{"allow":["GET"]}}],"collection":[{"href":"https:\/\/histoiredemaska.com\/en\/wp-json\/wp\/v2\/product"}],"about":[{"href":"https:\/\/histoiredemaska.com\/en\/wp-json\/wp\/v2\/types\/product"}],"replies":[{"embeddable":true,"href":"https:\/\/histoiredemaska.com\/en\/wp-json\/wp\/v2\/comments?post=7226"}],"version-history":[{"count":15,"href":"https:\/\/histoiredemaska.com\/en\/wp-json\/wp\/v2\/product\/7226\/revisions"}],"predecessor-version":[{"id":8306,"href":"https:\/\/histoiredemaska.com\/en\/wp-json\/wp\/v2\/product\/7226\/revisions\/8306"}],"wp:featuredmedia":[{"embeddable":true,"href":"https:\/\/histoiredemaska.com\/en\/wp-json\/wp\/v2\/media\/8285"}],"wp:attachment":[{"href":"https:\/\/histoiredemaska.com\/en\/wp-json\/wp\/v2\/media?parent=7226"}],"wp:term":[{"taxonomy":"product_brand","embeddable":true,"href":"https:\/\/histoiredemaska.com\/en\/wp-json\/wp\/v2\/product_brand?post=7226"},{"taxonomy":"product_cat","embeddable":true,"href":"https:\/\/histoiredemaska.com\/en\/wp-json\/wp\/v2\/product_cat?post=7226"},{"taxonomy":"product_tag","embeddable":true,"href":"https:\/\/histoiredemaska.com\/en\/wp-json\/wp\/v2\/product_tag?post=7226"}],"curies":[{"name":"wp","href":"https:\/\/api.w.org\/{rel}","templated":true}]}}