{"id":7353,"date":"2024-08-13T13:40:10","date_gmt":"2024-08-13T17:40:10","guid":{"rendered":"https:\/\/histoiredemaska.com\/?post_type=product&#038;p=7353"},"modified":"2025-10-08T14:07:19","modified_gmt":"2025-10-08T18:07:19","slug":"conference-quelques-histoires-de-femmes-au-quebec-avant-1971","status":"publish","type":"product","link":"https:\/\/histoiredemaska.com\/en\/produit\/conference-quelques-histoires-de-femmes-au-quebec-avant-1971\/","title":{"rendered":"Conf\u00e9rence pass\u00e9e : Quelques histoires de femmes au Qu\u00e9bec avant 1971"},"content":{"rendered":"<p>La conf\u00e9renci\u00e8re vous propose d\u2019explorer des histoires connues et surtout moins connues de femmes qui font partie de notre histoire nationale. Il sera question de la \u00ab\u00a0condition de la femme\u00a0\u00bb \u00e0 travers le temps, des groupes sociaux, des courants et des luttes f\u00e9ministes. En passant de l\u2019histoire des femmes autochtones jusqu\u2019aux gestes d\u2019\u00e9clat des f\u00e9ministes radicales, l\u2019auditoire d\u00e9couvrira l\u2019histoire du Qu\u00e9bec sous un angle diff\u00e9rent.<\/p>\n<p><strong>\u00c0 propos de la conf\u00e9renci\u00e8re<\/strong>\u00a0:<\/p>\n<p>D\u00e9tentrice d\u2019un baccalaur\u00e9at et d\u2019une ma\u00eetrise en histoire appliqu\u00e9e de l\u2019UQAM, Jo\u00eblle Th\u00e9rien a collabor\u00e9 \u00e0 plusieurs projets de mise en valeur de l\u2019histoire et compte plusieurs publications dans des revues d\u2019histoire et sur le Web. Appr\u00e9ci\u00e9e pour son dynamisme et ses talents de vulgarisatrice, Jo\u00eblle Th\u00e9rien adore partager sa passion pour l\u2019histoire.\u00a0Depuis 2022, elle\u00a0s\u2019implique \u00e0 la F\u00e9d\u00e9ration Histoire Qu\u00e9bec sur le comit\u00e9 M\u00e9moire des femmes qui s\u2019est vu d\u00e9cern\u00e9 le Prix du gouverneur g\u00e9n\u00e9ral pour l\u2019excellence des programmes communautaires en histoire en 2023. En 2024, elle rejoint l\u2019\u00e9quipe du Centre d\u2019histoire de Saint-Hyacinthe o\u00f9 elle travaille sur des projets en lien avec la diffusion historique.<\/p>\n<p>&nbsp;<\/p>\n<p>La conf\u00e9rence aura lieu le mardi 9 septembre \u00e0 19h au Centre culturel Humania Assurance (1675, rue Saint-Pierre Ouest, Saint-Hyacinthe).<\/p>\n<p>Le co\u00fbt est de 5 $ pour les non-membres et l\u2019entr\u00e9e est gratuite pour les membres.<\/p>\n<p>Aucune r\u00e9servation requise.<\/p>\n","protected":false},"excerpt":{"rendered":"<p>La conf\u00e9renci\u00e8re vous propose d\u2019explorer des histoires connues et surtout moins connues de femmes qui font partie de notre histoire nationale. Il sera question de la \u00ab\u00a0condition de la femme\u00a0\u00bb \u00e0 travers le temps, des groupes sociaux, des courants et des luttes f\u00e9ministes. En passant de l\u2019histoire des femmes autochtones jusqu\u2019aux gestes d\u2019\u00e9clat des f\u00e9ministes [&hellip;]<\/p>\n","protected":false},"featured_media":4549,"comment_status":"closed","ping_status":"closed","template":"","meta":{"_acf_changed":false},"product_brand":[],"product_cat":[35],"product_tag":[],"class_list":{"0":"post-7353","1":"product","2":"type-product","3":"status-publish","4":"has-post-thumbnail","6":"product_cat-evenements","8":"first","9":"instock","10":"sale","11":"shipping-taxable","12":"purchasable","13":"product-type-simple"},"acf":[],"_links":{"self":[{"href":"https:\/\/histoiredemaska.com\/en\/wp-json\/wp\/v2\/product\/7353","targetHints":{"allow":["GET"]}}],"collection":[{"href":"https:\/\/histoiredemaska.com\/en\/wp-json\/wp\/v2\/product"}],"about":[{"href":"https:\/\/histoiredemaska.com\/en\/wp-json\/wp\/v2\/types\/product"}],"replies":[{"embeddable":true,"href":"https:\/\/histoiredemaska.com\/en\/wp-json\/wp\/v2\/comments?post=7353"}],"version-history":[{"count":4,"href":"https:\/\/histoiredemaska.com\/en\/wp-json\/wp\/v2\/product\/7353\/revisions"}],"predecessor-version":[{"id":7595,"href":"https:\/\/histoiredemaska.com\/en\/wp-json\/wp\/v2\/product\/7353\/revisions\/7595"}],"wp:featuredmedia":[{"embeddable":true,"href":"https:\/\/histoiredemaska.com\/en\/wp-json\/wp\/v2\/media\/4549"}],"wp:attachment":[{"href":"https:\/\/histoiredemaska.com\/en\/wp-json\/wp\/v2\/media?parent=7353"}],"wp:term":[{"taxonomy":"product_brand","embeddable":true,"href":"https:\/\/histoiredemaska.com\/en\/wp-json\/wp\/v2\/product_brand?post=7353"},{"taxonomy":"product_cat","embeddable":true,"href":"https:\/\/histoiredemaska.com\/en\/wp-json\/wp\/v2\/product_cat?post=7353"},{"taxonomy":"product_tag","embeddable":true,"href":"https:\/\/histoiredemaska.com\/en\/wp-json\/wp\/v2\/product_tag?post=7353"}],"curies":[{"name":"wp","href":"https:\/\/api.w.org\/{rel}","templated":true}]}}