{"id":7502,"date":"2025-09-09T13:40:43","date_gmt":"2025-09-09T17:40:43","guid":{"rendered":"https:\/\/histoiredemaska.com\/?post_type=product&#038;p=7502"},"modified":"2025-11-10T10:07:36","modified_gmt":"2025-11-10T15:07:36","slug":"conference-le-fascinant-parcours-de-la-medecine-veterinaire-jusqua-saint-hyacinthe","status":"publish","type":"product","link":"https:\/\/histoiredemaska.com\/en\/produit\/conference-le-fascinant-parcours-de-la-medecine-veterinaire-jusqua-saint-hyacinthe\/","title":{"rendered":"Conf\u00e9rence pass\u00e9e : Le fascinant parcours de la m\u00e9decine v\u00e9t\u00e9rinaire jusqu\u2019\u00e0 Saint-Hyacinthe!"},"content":{"rendered":"<p>En explorant ses origines fran\u00e7aise et \u00e9cossaise, cette conf\u00e9rence vous invite \u00e0 d\u00e9couvrir comment la m\u00e9decine v\u00e9t\u00e9rinaire s\u2019est d\u00e9velopp\u00e9e au Qu\u00e9bec au cours des 150 derni\u00e8res ann\u00e9es et ce qui l\u2019a amen\u00e9e \u00e0 implanter son enseignement \u00e0 Saint-Hyacinthe. Par le biais de personnages plus grands que nature, ce voyage dans le temps vous permettra de mieux comprendre l\u2019\u00e9volution et l\u2019importance des soins aux animaux dans notre soci\u00e9t\u00e9.\u00a0Il sera \u00e9galement question de la place qu\u2019occupent d\u00e9sormais les femmes dans cette profession longtemps r\u00e9serv\u00e9e aux hommes et du parcours tr\u00e8s particulier de celle qui fut la toute premi\u00e8re au Qu\u00e9bec, il y a exactement 60 ans\u2009!<\/p>\n<p>&nbsp;<\/p>\n<p><strong>Pr\u00e9sentation du conf\u00e9rencier<\/strong><\/p>\n<p>Le Dr Michel Pepin, dipl\u00f4m\u00e9 en 1982 de la Facult\u00e9 de m\u00e9decine v\u00e9t\u00e9rinaire de Saint-Hyacinthe, a exerc\u00e9 pendant 25 ans en m\u00e9decine des petits animaux. Parall\u00e8lement \u00e0 sa pratique, il s\u2019est fortement impliqu\u00e9 dans sa profession en tant que pr\u00e9sident-directeur g\u00e9n\u00e9ral de l\u2019Association des m\u00e9decins v\u00e9t\u00e9rinaires du Qu\u00e9bec en pratique des petits animaux (AMVQ) et pr\u00e9sident de la F\u00e9d\u00e9ration des associations v\u00e9t\u00e9rinaires francophones pour animaux de compagnie.<\/p>\n<p data-start=\"516\" data-end=\"728\">Communicateur reconnu, il a vulgaris\u00e9 la m\u00e9decine v\u00e9t\u00e9rinaire \u00e0 travers plus de 1 300 articles et pr\u00e8s de 1 000 apparitions \u00e0 la radio et \u00e0 la t\u00e9l\u00e9vision, notamment comme chroniqueur pendant 15 ans \u00e0 l\u2019\u00e9mission\u00a0<em data-start=\"709\" data-end=\"727\">Salut, Bonjour\u2009!<\/em>. Passionn\u00e9 d\u2019histoire, il est l\u2019auteur du livre\u00a0<em data-start=\"1022\" data-end=\"1080\">Histoire et petites histoires des v\u00e9t\u00e9rinaires du Qu\u00e9bec<\/em>\u00a0et fondateur de la Soci\u00e9t\u00e9 de conservation du patrimoine v\u00e9t\u00e9rinaire qu\u00e9b\u00e9cois. Membre actif de l\u2019American Veterinary Medical History Society, il a donn\u00e9 de nombreuses conf\u00e9rences au Canada et en Europe sur l\u2019histoire de sa profession.<\/p>\n<p>&nbsp;<\/p>\n<p>Il s\u2019agit de la troisi\u00e8me conf\u00e9rence de la saison 2025-2026. Le co\u00fbt est de 5 $ pour les non-membres et l\u2019entr\u00e9e est gratuite pour les membres. Aucune r\u00e9servation requise. Le paiement s&#8217;effectue par ch\u00e8que ou en argent comptant \u00e0 la porte.<\/p>\n<p>Date : mardi 4 novembre \u00e0 19h (ouverture des portes \u00e0 18h30)<\/p>\n<p>Lieu : Centre culturel Humania Assurance (1675, rue Saint-Pierre Ouest, Saint-Hyacinthe).<\/p>\n","protected":false},"excerpt":{"rendered":"<p>En explorant ses origines fran\u00e7aise et \u00e9cossaise, cette conf\u00e9rence vous invite \u00e0 d\u00e9couvrir comment la m\u00e9decine v\u00e9t\u00e9rinaire s\u2019est d\u00e9velopp\u00e9e au Qu\u00e9bec au cours des 150 derni\u00e8res ann\u00e9es et ce qui l\u2019a amen\u00e9e \u00e0 implanter son enseignement \u00e0 Saint-Hyacinthe. Par le biais de personnages plus grands que nature, ce voyage dans le temps vous permettra de [&hellip;]<\/p>\n","protected":false},"featured_media":7508,"comment_status":"closed","ping_status":"closed","template":"","meta":{"_acf_changed":false},"product_brand":[],"product_cat":[35],"product_tag":[],"class_list":{"0":"post-7502","1":"product","2":"type-product","3":"status-publish","4":"has-post-thumbnail","6":"product_cat-evenements","8":"first","9":"instock","10":"shipping-taxable","11":"purchasable","12":"product-type-simple"},"acf":[],"_links":{"self":[{"href":"https:\/\/histoiredemaska.com\/en\/wp-json\/wp\/v2\/product\/7502","targetHints":{"allow":["GET"]}}],"collection":[{"href":"https:\/\/histoiredemaska.com\/en\/wp-json\/wp\/v2\/product"}],"about":[{"href":"https:\/\/histoiredemaska.com\/en\/wp-json\/wp\/v2\/types\/product"}],"replies":[{"embeddable":true,"href":"https:\/\/histoiredemaska.com\/en\/wp-json\/wp\/v2\/comments?post=7502"}],"version-history":[{"count":4,"href":"https:\/\/histoiredemaska.com\/en\/wp-json\/wp\/v2\/product\/7502\/revisions"}],"predecessor-version":[{"id":7717,"href":"https:\/\/histoiredemaska.com\/en\/wp-json\/wp\/v2\/product\/7502\/revisions\/7717"}],"wp:featuredmedia":[{"embeddable":true,"href":"https:\/\/histoiredemaska.com\/en\/wp-json\/wp\/v2\/media\/7508"}],"wp:attachment":[{"href":"https:\/\/histoiredemaska.com\/en\/wp-json\/wp\/v2\/media?parent=7502"}],"wp:term":[{"taxonomy":"product_brand","embeddable":true,"href":"https:\/\/histoiredemaska.com\/en\/wp-json\/wp\/v2\/product_brand?post=7502"},{"taxonomy":"product_cat","embeddable":true,"href":"https:\/\/histoiredemaska.com\/en\/wp-json\/wp\/v2\/product_cat?post=7502"},{"taxonomy":"product_tag","embeddable":true,"href":"https:\/\/histoiredemaska.com\/en\/wp-json\/wp\/v2\/product_tag?post=7502"}],"curies":[{"name":"wp","href":"https:\/\/api.w.org\/{rel}","templated":true}]}}