{"id":7779,"date":"2025-11-25T12:00:00","date_gmt":"2025-11-25T17:00:00","guid":{"rendered":"https:\/\/histoiredemaska.com\/?post_type=product&#038;p=7779"},"modified":"2026-03-09T08:39:57","modified_gmt":"2026-03-09T12:39:57","slug":"chapelle-du-seminaire-de-saint-hyacinthe-visite-du-22-avril","status":"publish","type":"product","link":"https:\/\/histoiredemaska.com\/en\/produit\/chapelle-du-seminaire-de-saint-hyacinthe-visite-du-22-avril\/","title":{"rendered":"Complet &#8211; Chapelle du S\u00e9minaire de Saint-Hyacinthe (visite du 22 avril)"},"content":{"rendered":"<p>Le Centre d\u2019histoire de Saint-Hyacinthe, en collaboration avec le S\u00e9minaire de Saint-Hyacinthe, vous offre une visite guid\u00e9e de la chapelle Saint-Antoine-de-Padoue, une \u0153uvre remarquable de l\u2019architecte maskoutain Ren\u00e9 Richer. Vous d\u00e9couvrirez l\u2019histoire, le caract\u00e8re architectural singulier et la richesse du patrimoine artistique de cette chapelle cit\u00e9e \u00e0 titre d\u2019immeuble patrimonial par la Ville de Saint-Hyacinthe.<\/p>\n<p><strong>Horaire<\/strong> : 13h30 \u00e0 15h<\/p>\n<p><strong>Guide<\/strong>\u00a0: Martin Ostiguy, historien au Centre d\u2019histoire<\/p>\n<p><strong>Prix\u00a0:<\/strong>\u00a010 $ par personne<\/p>\n<p><strong>D\u00e9part :\u00a0<\/strong>hall d\u2019entr\u00e9e du S\u00e9minaire de Saint-Hyacinthe (<a href=\"https:\/\/histoiredemaska.com\/wp-content\/uploads\/2025\/11\/Nouvelle-entree-CHSH_2025-11.pdf\">indication pour le stationnement<\/a>)<\/p>\n<p><strong>Sur place<\/strong> : toilettes et acc\u00e8s pour personnes \u00e0 mobilit\u00e9 r\u00e9duite<\/p>\n<p>Places limit\u00e9es. L\u2019inscription est obligatoire.<\/p>\n<p>Le re\u00e7u que vous recevrez par courriel est votre preuve de votre paiement et d\u2019inscription.<\/p>\n<p><strong><em>Photo\u00a0:\u00a0<\/em><\/strong>Chapelle Saint-Antoine de Padoue. Collection du Centre d\u2019histoire de Saint-Hyacinthe, CH225, Fran\u00e7ois Larivi\u00e8re, photographe.<\/p>\n","protected":false},"excerpt":{"rendered":"<p>Le Centre d\u2019histoire de Saint-Hyacinthe, en collaboration avec le S\u00e9minaire de Saint-Hyacinthe, vous offre une visite guid\u00e9e de la chapelle Saint-Antoine-de-Padoue, une \u0153uvre remarquable de l\u2019architecte maskoutain Ren\u00e9 Richer. Vous d\u00e9couvrirez l\u2019histoire, le caract\u00e8re architectural singulier et la richesse du patrimoine artistique de cette chapelle cit\u00e9e \u00e0 titre d\u2019immeuble patrimonial par la Ville de Saint-Hyacinthe. [&hellip;]<\/p>\n","protected":false},"featured_media":4381,"comment_status":"closed","ping_status":"closed","template":"","meta":{"_acf_changed":false},"product_brand":[],"product_cat":[36],"product_tag":[],"class_list":{"0":"post-7779","1":"product","2":"type-product","3":"status-publish","4":"has-post-thumbnail","6":"product_cat-visites-guidees","8":"first","9":"outofstock","10":"shipping-taxable","11":"purchasable","12":"product-type-simple"},"acf":[],"_links":{"self":[{"href":"https:\/\/histoiredemaska.com\/en\/wp-json\/wp\/v2\/product\/7779","targetHints":{"allow":["GET"]}}],"collection":[{"href":"https:\/\/histoiredemaska.com\/en\/wp-json\/wp\/v2\/product"}],"about":[{"href":"https:\/\/histoiredemaska.com\/en\/wp-json\/wp\/v2\/types\/product"}],"replies":[{"embeddable":true,"href":"https:\/\/histoiredemaska.com\/en\/wp-json\/wp\/v2\/comments?post=7779"}],"version-history":[{"count":6,"href":"https:\/\/histoiredemaska.com\/en\/wp-json\/wp\/v2\/product\/7779\/revisions"}],"predecessor-version":[{"id":8245,"href":"https:\/\/histoiredemaska.com\/en\/wp-json\/wp\/v2\/product\/7779\/revisions\/8245"}],"wp:featuredmedia":[{"embeddable":true,"href":"https:\/\/histoiredemaska.com\/en\/wp-json\/wp\/v2\/media\/4381"}],"wp:attachment":[{"href":"https:\/\/histoiredemaska.com\/en\/wp-json\/wp\/v2\/media?parent=7779"}],"wp:term":[{"taxonomy":"product_brand","embeddable":true,"href":"https:\/\/histoiredemaska.com\/en\/wp-json\/wp\/v2\/product_brand?post=7779"},{"taxonomy":"product_cat","embeddable":true,"href":"https:\/\/histoiredemaska.com\/en\/wp-json\/wp\/v2\/product_cat?post=7779"},{"taxonomy":"product_tag","embeddable":true,"href":"https:\/\/histoiredemaska.com\/en\/wp-json\/wp\/v2\/product_tag?post=7779"}],"curies":[{"name":"wp","href":"https:\/\/api.w.org\/{rel}","templated":true}]}}