{"id":7782,"date":"2025-11-25T12:49:03","date_gmt":"2025-11-25T17:49:03","guid":{"rendered":"https:\/\/histoiredemaska.com\/?post_type=product&#038;p=7782"},"modified":"2026-02-23T13:13:24","modified_gmt":"2026-02-23T18:13:24","slug":"chapelle-du-monastere-des-soeurs-adoratrices-du-precieux-sang-visite-du-8-avril","status":"publish","type":"product","link":"https:\/\/histoiredemaska.com\/en\/produit\/chapelle-du-monastere-des-soeurs-adoratrices-du-precieux-sang-visite-du-8-avril\/","title":{"rendered":"Complet &#8211; Chapelle du monast\u00e8re des S\u0153urs adoratrices du Pr\u00e9cieux-Sang (visite du 8 avril)"},"content":{"rendered":"<p><strong>Horaire<\/strong> : 13h30 \u00e0 15h<\/p>\n<p>D\u00e9but de la visite: 2500, rue Girouard Ouest, Saint-Hyacinthe.<\/p>\n<p>Martin Ostiguy, historien au Centre d\u2019histoire de Saint-Hyacinthe, d\u00e9butera la visite \u00e0 l\u2019ext\u00e9rieur,\u00a0devant le monast\u00e8re, pour vous parler des diff\u00e9rents b\u00e2timents qui ont abrit\u00e9 la Congr\u00e9gation des S\u0153urs adoratrices du Pr\u00e9cieux-Sang. Une fois dans la chapelle, il sera question de l\u2019histoire des lieux, de son d\u00e9cor et de l\u2019orgue Opus 9 qui s\u2019y trouve. Dans le Ch\u0153ur des religieuses, vous d\u00e9couvriez le quotidien d\u2019une s\u0153ur adoratrices et l\u2019histoire la fondatrice, M\u00e8re Catherine-Aur\u00e9lie du Pr\u00e9cieux-Sang (Aur\u00e9lie Caouette).<\/p>\n<p>Maximum 15 participants<\/p>\n<p><b>R\u00e9servation et paiement requis via notre boutique en ligne.<\/b><\/p>\n<p>Le re\u00e7u que vous recevrez par courriel est votre preuve de votre paiement et d\u2019inscription.<b><\/b><\/p>\n<p><strong>Photo : Chapelle des Soeurs adoratrices du Pr\u00e9cieux-Sang. Centre d\u2019histoire de Saint-Hyacinthe, Fonds CH393 H\u00e9l\u00e8ne Nichols<\/strong><\/p>\n","protected":false},"excerpt":{"rendered":"<p>Horaire : 13h30 \u00e0 15h D\u00e9but de la visite: 2500, rue Girouard Ouest, Saint-Hyacinthe. Martin Ostiguy, historien au Centre d\u2019histoire de Saint-Hyacinthe, d\u00e9butera la visite \u00e0 l\u2019ext\u00e9rieur,\u00a0devant le monast\u00e8re, pour vous parler des diff\u00e9rents b\u00e2timents qui ont abrit\u00e9 la Congr\u00e9gation des S\u0153urs adoratrices du Pr\u00e9cieux-Sang. Une fois dans la chapelle, il sera question de l\u2019histoire [&hellip;]<\/p>\n","protected":false},"featured_media":6598,"comment_status":"closed","ping_status":"closed","template":"","meta":{"_acf_changed":false},"product_brand":[],"product_cat":[36],"product_tag":[],"class_list":{"0":"post-7782","1":"product","2":"type-product","3":"status-publish","4":"has-post-thumbnail","6":"product_cat-visites-guidees","8":"first","9":"outofstock","10":"shipping-taxable","11":"purchasable","12":"product-type-simple"},"acf":[],"_links":{"self":[{"href":"https:\/\/histoiredemaska.com\/en\/wp-json\/wp\/v2\/product\/7782","targetHints":{"allow":["GET"]}}],"collection":[{"href":"https:\/\/histoiredemaska.com\/en\/wp-json\/wp\/v2\/product"}],"about":[{"href":"https:\/\/histoiredemaska.com\/en\/wp-json\/wp\/v2\/types\/product"}],"replies":[{"embeddable":true,"href":"https:\/\/histoiredemaska.com\/en\/wp-json\/wp\/v2\/comments?post=7782"}],"version-history":[{"count":5,"href":"https:\/\/histoiredemaska.com\/en\/wp-json\/wp\/v2\/product\/7782\/revisions"}],"predecessor-version":[{"id":8203,"href":"https:\/\/histoiredemaska.com\/en\/wp-json\/wp\/v2\/product\/7782\/revisions\/8203"}],"wp:featuredmedia":[{"embeddable":true,"href":"https:\/\/histoiredemaska.com\/en\/wp-json\/wp\/v2\/media\/6598"}],"wp:attachment":[{"href":"https:\/\/histoiredemaska.com\/en\/wp-json\/wp\/v2\/media?parent=7782"}],"wp:term":[{"taxonomy":"product_brand","embeddable":true,"href":"https:\/\/histoiredemaska.com\/en\/wp-json\/wp\/v2\/product_brand?post=7782"},{"taxonomy":"product_cat","embeddable":true,"href":"https:\/\/histoiredemaska.com\/en\/wp-json\/wp\/v2\/product_cat?post=7782"},{"taxonomy":"product_tag","embeddable":true,"href":"https:\/\/histoiredemaska.com\/en\/wp-json\/wp\/v2\/product_tag?post=7782"}],"curies":[{"name":"wp","href":"https:\/\/api.w.org\/{rel}","templated":true}]}}