{"id":7793,"date":"2025-11-25T14:36:43","date_gmt":"2025-11-25T19:36:43","guid":{"rendered":"https:\/\/histoiredemaska.com\/?post_type=product&#038;p=7793"},"modified":"2025-11-25T14:36:43","modified_gmt":"2025-11-25T19:36:43","slug":"seminaire-de-saint-hyacinthe-annees-1950","status":"publish","type":"product","link":"https:\/\/histoiredemaska.com\/en\/produit\/seminaire-de-saint-hyacinthe-annees-1950\/","title":{"rendered":"S\u00e9minaire de Saint-Hyacinthe, ann\u00e9es 1950"},"content":{"rendered":"<p>S\u00e9minaire de Saint-Hyacinthe, ann\u00e9es 1950<\/p>\n<p>Centre d&#8217;histoire de Saint-Hyacinthe, Fonds CH116 Studio Lumi\u00e8re<\/p>\n","protected":false},"excerpt":{"rendered":"<p>S\u00e9minaire de Saint-Hyacinthe, ann\u00e9es 1950 Centre d&#8217;histoire de Saint-Hyacinthe, Fonds CH116 Studio Lumi\u00e8re<\/p>\n","protected":false},"featured_media":7794,"comment_status":"closed","ping_status":"closed","template":"","meta":{"_acf_changed":false},"product_brand":[],"product_cat":[37],"product_tag":[],"class_list":{"0":"post-7793","1":"product","2":"type-product","3":"status-publish","4":"has-post-thumbnail","6":"product_cat-photos","8":"first","9":"instock","10":"shipping-taxable","11":"purchasable","12":"product-type-simple"},"acf":[],"_links":{"self":[{"href":"https:\/\/histoiredemaska.com\/en\/wp-json\/wp\/v2\/product\/7793","targetHints":{"allow":["GET"]}}],"collection":[{"href":"https:\/\/histoiredemaska.com\/en\/wp-json\/wp\/v2\/product"}],"about":[{"href":"https:\/\/histoiredemaska.com\/en\/wp-json\/wp\/v2\/types\/product"}],"replies":[{"embeddable":true,"href":"https:\/\/histoiredemaska.com\/en\/wp-json\/wp\/v2\/comments?post=7793"}],"version-history":[{"count":1,"href":"https:\/\/histoiredemaska.com\/en\/wp-json\/wp\/v2\/product\/7793\/revisions"}],"predecessor-version":[{"id":7796,"href":"https:\/\/histoiredemaska.com\/en\/wp-json\/wp\/v2\/product\/7793\/revisions\/7796"}],"wp:featuredmedia":[{"embeddable":true,"href":"https:\/\/histoiredemaska.com\/en\/wp-json\/wp\/v2\/media\/7794"}],"wp:attachment":[{"href":"https:\/\/histoiredemaska.com\/en\/wp-json\/wp\/v2\/media?parent=7793"}],"wp:term":[{"taxonomy":"product_brand","embeddable":true,"href":"https:\/\/histoiredemaska.com\/en\/wp-json\/wp\/v2\/product_brand?post=7793"},{"taxonomy":"product_cat","embeddable":true,"href":"https:\/\/histoiredemaska.com\/en\/wp-json\/wp\/v2\/product_cat?post=7793"},{"taxonomy":"product_tag","embeddable":true,"href":"https:\/\/histoiredemaska.com\/en\/wp-json\/wp\/v2\/product_tag?post=7793"}],"curies":[{"name":"wp","href":"https:\/\/api.w.org\/{rel}","templated":true}]}}