{"id":7797,"date":"2025-11-25T14:41:57","date_gmt":"2025-11-25T19:41:57","guid":{"rendered":"https:\/\/histoiredemaska.com\/?post_type=product&#038;p=7797"},"modified":"2025-11-25T14:41:57","modified_gmt":"2025-11-25T19:41:57","slug":"cimetiere-de-la-metairie-1934","status":"publish","type":"product","link":"https:\/\/histoiredemaska.com\/en\/produit\/cimetiere-de-la-metairie-1934\/","title":{"rendered":"Cimeti\u00e8re de la M\u00e9tairie, 1934"},"content":{"rendered":"<p>Cimeti\u00e8re de la M\u00e9tairie, 1934<\/p>\n<p>Centre d&#8217;histoire de Saint-Hyacinthe, Fonds CH095 Soeurs de la charit\u00e9 de Saint-Hyacinthe<\/p>\n","protected":false},"excerpt":{"rendered":"<p>Cimeti\u00e8re de la M\u00e9tairie, 1934 Centre d&#8217;histoire de Saint-Hyacinthe, Fonds CH095 Soeurs de la charit\u00e9 de Saint-Hyacinthe<\/p>\n","protected":false},"featured_media":7798,"comment_status":"closed","ping_status":"closed","template":"","meta":{"_acf_changed":false},"product_brand":[],"product_cat":[37],"product_tag":[],"class_list":{"0":"post-7797","1":"product","2":"type-product","3":"status-publish","4":"has-post-thumbnail","6":"product_cat-photos","8":"first","9":"instock","10":"shipping-taxable","11":"purchasable","12":"product-type-simple"},"acf":[],"_links":{"self":[{"href":"https:\/\/histoiredemaska.com\/en\/wp-json\/wp\/v2\/product\/7797","targetHints":{"allow":["GET"]}}],"collection":[{"href":"https:\/\/histoiredemaska.com\/en\/wp-json\/wp\/v2\/product"}],"about":[{"href":"https:\/\/histoiredemaska.com\/en\/wp-json\/wp\/v2\/types\/product"}],"replies":[{"embeddable":true,"href":"https:\/\/histoiredemaska.com\/en\/wp-json\/wp\/v2\/comments?post=7797"}],"version-history":[{"count":2,"href":"https:\/\/histoiredemaska.com\/en\/wp-json\/wp\/v2\/product\/7797\/revisions"}],"predecessor-version":[{"id":7801,"href":"https:\/\/histoiredemaska.com\/en\/wp-json\/wp\/v2\/product\/7797\/revisions\/7801"}],"wp:featuredmedia":[{"embeddable":true,"href":"https:\/\/histoiredemaska.com\/en\/wp-json\/wp\/v2\/media\/7798"}],"wp:attachment":[{"href":"https:\/\/histoiredemaska.com\/en\/wp-json\/wp\/v2\/media?parent=7797"}],"wp:term":[{"taxonomy":"product_brand","embeddable":true,"href":"https:\/\/histoiredemaska.com\/en\/wp-json\/wp\/v2\/product_brand?post=7797"},{"taxonomy":"product_cat","embeddable":true,"href":"https:\/\/histoiredemaska.com\/en\/wp-json\/wp\/v2\/product_cat?post=7797"},{"taxonomy":"product_tag","embeddable":true,"href":"https:\/\/histoiredemaska.com\/en\/wp-json\/wp\/v2\/product_tag?post=7797"}],"curies":[{"name":"wp","href":"https:\/\/api.w.org\/{rel}","templated":true}]}}