{"id":7878,"date":"2025-11-26T09:54:47","date_gmt":"2025-11-26T14:54:47","guid":{"rendered":"https:\/\/histoiredemaska.com\/?post_type=product&#038;p=7878"},"modified":"2026-03-23T13:09:20","modified_gmt":"2026-03-23T17:09:20","slug":"conference-les-abenakis-et-le-ndakina","status":"publish","type":"product","link":"https:\/\/histoiredemaska.com\/en\/produit\/conference-les-abenakis-et-le-ndakina\/","title":{"rendered":"Conf\u00e9rence pass\u00e9e: Les Ab\u00e9nakis et le Ndakina"},"content":{"rendered":"<p>Le territoire, matrice de la culture, d\u00e9montre comment les Ab\u00e9nakis le con\u00e7oivent. Au-del\u00e0 de l&#8217;espace g\u00e9ographique, il est \u00e9galement politique, \u00e9cologique, spirituel et culturel. Dans cette conf\u00e9rence, nous verrons comment, \u00e0 travers les politiques coloniales impos\u00e9es, cette nation autochtone a d\u00fb red\u00e9finir son espace dans les limites d&#8217;une \u00ab r\u00e9serve \u00bb. Nous jetterons un regard sur les nombreux d\u00e9fis et enjeux de la r\u00e9appropriation culturelle en lien avec le territoire aujourd&#8217;hui pour les Ab\u00e9nakis d&#8217;Odanak.<\/p>\n<p>&nbsp;<\/p>\n<p>\u00c0 propos de la conf\u00e9renci\u00e8re :<\/p>\n<p>Mus\u00e9ologue et anthropologue de formation, Nicole O&#8217;Bomsawin agit \u00e0 titre de consultante autochtone aupr\u00e8s de plusieurs organismes et minist\u00e8res gouvernementaux. Au cours de sa carri\u00e8re, elle a prononc\u00e9 de nombreuses conf\u00e9rences, formations et ateliers de sensibilisation en France et au Qu\u00e9bec sur des sujets en lien avec la culture traditionnelle et contemporaine des autochtones de m\u00eame que sur la place des autochtones dans un monde en changement. Elle a \u00e9t\u00e9 aussi directrice du Mus\u00e9e des Ab\u00e9nakis \u00e0 Odanak et directrice d&#8217;une troupe de danse et de chant traditionnel. Son implication dans la promotion de la culture autochtone a \u00e9t\u00e9 salu\u00e9e \u00e0 travers des prix qu&#8217;elle a remport\u00e9 : prix Bernard-Assiniwi (2005) et m\u00e9daille Benemerenti (2008). Depuis 2012, elle enseigne au Coll\u00e8ge Kiuna, seule institution post-secondaire pour les \u00e9tudiants des Premi\u00e8res Nations et Autochtones du Qu\u00e9bec. Conteuse autochtone depuis plus de 20 ans, elle participe \u00e0 des \u00e9v\u00e9nements et \u00e0 des festivals. Parmi ses publications, elle est co-auteure du livre <em>Les Algonquiens<\/em> (\u00c9ditions Michel Br\u00fbl\u00e9, 2012) et auteure du livre de l\u00e9gendes <em>8tlokaw8ganal<\/em> (\u00c9ditions Hannenorak, 2020).<\/p>\n<p>&nbsp;<\/p>\n<p>Il s\u2019agit de la sixi\u00e8me conf\u00e9rence de la saison 2025-2026. Le co\u00fbt est de 5 $ pour les non-membres et l\u2019entr\u00e9e est gratuite pour les membres.<\/p>\n<p>Places limit\u00e9es. Il est conseill\u00e9 d&#8217;arriver au moins 15 minutes avant le d\u00e9but de la conf\u00e9rence. Aucune r\u00e9servation requise.<\/p>\n<p>Date : mardi 3 mars \u00e0 19h (ouverture des portes \u00e0 18h30)<\/p>\n<p>Lieu : Centre culturel Humania Assurance (1675, rue Saint-Pierre Ouest, Saint-Hyacinthe)<\/p>\n<p>* Veuillez prendre note qu&#8217;au Centre culturel Humania Assurance l&#8217;eau est actuellement \u00ab non potable \u00bb et les abreuvoirs sont \u00ab hors d&#8217;usage \u00bb. Des machines distributrices d&#8217;eau sont install\u00e9es de fa\u00e7on temporaire afin d&#8217;assurer un minimum de service. SVP Apportez votre gourde d\u00e9j\u00e0 remplie d\u2019eau.<\/p>\n","protected":false},"excerpt":{"rendered":"<p>Le territoire, matrice de la culture, d\u00e9montre comment les Ab\u00e9nakis le con\u00e7oivent. Au-del\u00e0 de l&#8217;espace g\u00e9ographique, il est \u00e9galement politique, \u00e9cologique, spirituel et culturel. Dans cette conf\u00e9rence, nous verrons comment, \u00e0 travers les politiques coloniales impos\u00e9es, cette nation autochtone a d\u00fb red\u00e9finir son espace dans les limites d&#8217;une \u00ab r\u00e9serve \u00bb. Nous jetterons un regard [&hellip;]<\/p>\n","protected":false},"featured_media":7879,"comment_status":"closed","ping_status":"closed","template":"","meta":{"_acf_changed":false},"product_brand":[],"product_cat":[35],"product_tag":[],"class_list":{"0":"post-7878","1":"product","2":"type-product","3":"status-publish","4":"has-post-thumbnail","6":"product_cat-evenements","8":"first","9":"instock","10":"shipping-taxable","11":"purchasable","12":"product-type-simple"},"acf":[],"_links":{"self":[{"href":"https:\/\/histoiredemaska.com\/en\/wp-json\/wp\/v2\/product\/7878","targetHints":{"allow":["GET"]}}],"collection":[{"href":"https:\/\/histoiredemaska.com\/en\/wp-json\/wp\/v2\/product"}],"about":[{"href":"https:\/\/histoiredemaska.com\/en\/wp-json\/wp\/v2\/types\/product"}],"replies":[{"embeddable":true,"href":"https:\/\/histoiredemaska.com\/en\/wp-json\/wp\/v2\/comments?post=7878"}],"version-history":[{"count":7,"href":"https:\/\/histoiredemaska.com\/en\/wp-json\/wp\/v2\/product\/7878\/revisions"}],"predecessor-version":[{"id":8246,"href":"https:\/\/histoiredemaska.com\/en\/wp-json\/wp\/v2\/product\/7878\/revisions\/8246"}],"wp:featuredmedia":[{"embeddable":true,"href":"https:\/\/histoiredemaska.com\/en\/wp-json\/wp\/v2\/media\/7879"}],"wp:attachment":[{"href":"https:\/\/histoiredemaska.com\/en\/wp-json\/wp\/v2\/media?parent=7878"}],"wp:term":[{"taxonomy":"product_brand","embeddable":true,"href":"https:\/\/histoiredemaska.com\/en\/wp-json\/wp\/v2\/product_brand?post=7878"},{"taxonomy":"product_cat","embeddable":true,"href":"https:\/\/histoiredemaska.com\/en\/wp-json\/wp\/v2\/product_cat?post=7878"},{"taxonomy":"product_tag","embeddable":true,"href":"https:\/\/histoiredemaska.com\/en\/wp-json\/wp\/v2\/product_tag?post=7878"}],"curies":[{"name":"wp","href":"https:\/\/api.w.org\/{rel}","templated":true}]}}