{"id":7882,"date":"2025-11-25T11:50:39","date_gmt":"2025-11-25T16:50:39","guid":{"rendered":"https:\/\/histoiredemaska.com\/?post_type=product&#038;p=7882"},"modified":"2026-03-23T13:09:42","modified_gmt":"2026-03-23T17:09:42","slug":"flammes-et-reconstruction-lhistoire-des-incendies-a-saint-hyacinthe","status":"publish","type":"product","link":"https:\/\/histoiredemaska.com\/en\/produit\/flammes-et-reconstruction-lhistoire-des-incendies-a-saint-hyacinthe\/","title":{"rendered":"Conf\u00e9rence pass\u00e9e : Flammes et reconstruction : l\u2019histoire des incendies \u00e0 Saint-Hyacinthe"},"content":{"rendered":"<p>L\u2019ann\u00e9e 2026 marque le 150<sup>e<\/sup> anniversaire du grand incendie du 3 septembre 1876 qui d\u00e9truisit une grande partie du centre-ville de Saint-Hyacinthe. Pour l\u2019occasion, les conf\u00e9renciers Martin Ostiguy et Anne-Sophie Robert vous raconteront l&#8217;histoire des feux qui ont modifi\u00e9 le visage de la ville. Il sera question, \u00e9videmment, des incendies les plus marquants mais aussi de certains autres dont on se rappelle moins mais qui, \u00e0 leur fa\u00e7on, ont \u00e9galement laiss\u00e9 des traces.<\/p>\n<p>\u00c0 propos des conf\u00e9renciers:<\/p>\n<p>Employ\u00e9s du Centre d\u2019histoire de Saint-Hyacinthe, Anne-Sophie Robert, archiviste et Martin Ostiguy, historien, s\u2019int\u00e9ressent \u00e0 l\u2019histoire locale. Ils aiment bien fouiller les journaux d\u2019\u00e9poque et les documents d\u2019archives pour raconter des \u00e9v\u00e9nements souvent presqu\u2019oubli\u00e9s. En 2023, ils nous ont offert une conf\u00e9rence qui racontait le terrible incendie du coll\u00e8ge Sacr\u00e9-C\u0153ur de 1938. En d\u00e9cembre 2024, dans le cadre de nos conf\u00e9rences mensuelles, ils avaient pr\u00e9sent\u00e9 quatre affaires criminelles qui ont secou\u00e9 la r\u00e9gion dans la deuxi\u00e8me moiti\u00e9 du 19<sup>e<\/sup> si\u00e8cle. Leurs conf\u00e9rences sont tr\u00e8s appr\u00e9ci\u00e9es du public maskoutain qui y d\u00e9couvre plusieurs faits int\u00e9ressants sur leur histoire.<\/p>\n<p>&nbsp;<\/p>\n<p>Il s\u2019agit de la 5e conf\u00e9rence de la saison 2025-2026. Le co\u00fbt est de 5 $ pour les non-membres et l\u2019entr\u00e9e est gratuite pour les membres. Aucune r\u00e9servation requise.<\/p>\n<p>Date : mardi 3 f\u00e9vrier \u00e0 19h (ouverture des portes \u00e0 18h30)<\/p>\n<p>Lieu : Centre culturel Humania-Assurance (1675, rue Saint-Pierre Ouest, Saint-Hyacinthe)<\/p>\n<p>&nbsp;<\/p>\n<p>Photo : Incendie de 1944 qui s&#8217;est d\u00e9clench\u00e9 devant la caserne. Centre d&#8217;histoire de Saint-Hyacinthe. Collection CH478 Soci\u00e9t\u00e9 d&#8217;histoire r\u00e9gionale de Saint-Hyacinthe<\/p>\n","protected":false},"excerpt":{"rendered":"<p>L\u2019ann\u00e9e 2026 marque le 150e anniversaire du grand incendie du 3 septembre 1876 qui d\u00e9truisit une grande partie du centre-ville de Saint-Hyacinthe. Pour l\u2019occasion, les conf\u00e9renciers Martin Ostiguy et Anne-Sophie Robert vous raconteront l&#8217;histoire des feux qui ont modifi\u00e9 le visage de la ville. Il sera question, \u00e9videmment, des incendies les plus marquants mais aussi [&hellip;]<\/p>\n","protected":false},"featured_media":7884,"comment_status":"closed","ping_status":"closed","template":"","meta":{"_acf_changed":false},"product_brand":[],"product_cat":[35],"product_tag":[],"class_list":{"0":"post-7882","1":"product","2":"type-product","3":"status-publish","4":"has-post-thumbnail","6":"product_cat-evenements","8":"first","9":"instock","10":"shipping-taxable","11":"purchasable","12":"product-type-simple"},"acf":[],"_links":{"self":[{"href":"https:\/\/histoiredemaska.com\/en\/wp-json\/wp\/v2\/product\/7882","targetHints":{"allow":["GET"]}}],"collection":[{"href":"https:\/\/histoiredemaska.com\/en\/wp-json\/wp\/v2\/product"}],"about":[{"href":"https:\/\/histoiredemaska.com\/en\/wp-json\/wp\/v2\/types\/product"}],"replies":[{"embeddable":true,"href":"https:\/\/histoiredemaska.com\/en\/wp-json\/wp\/v2\/comments?post=7882"}],"version-history":[{"count":8,"href":"https:\/\/histoiredemaska.com\/en\/wp-json\/wp\/v2\/product\/7882\/revisions"}],"predecessor-version":[{"id":8136,"href":"https:\/\/histoiredemaska.com\/en\/wp-json\/wp\/v2\/product\/7882\/revisions\/8136"}],"wp:featuredmedia":[{"embeddable":true,"href":"https:\/\/histoiredemaska.com\/en\/wp-json\/wp\/v2\/media\/7884"}],"wp:attachment":[{"href":"https:\/\/histoiredemaska.com\/en\/wp-json\/wp\/v2\/media?parent=7882"}],"wp:term":[{"taxonomy":"product_brand","embeddable":true,"href":"https:\/\/histoiredemaska.com\/en\/wp-json\/wp\/v2\/product_brand?post=7882"},{"taxonomy":"product_cat","embeddable":true,"href":"https:\/\/histoiredemaska.com\/en\/wp-json\/wp\/v2\/product_cat?post=7882"},{"taxonomy":"product_tag","embeddable":true,"href":"https:\/\/histoiredemaska.com\/en\/wp-json\/wp\/v2\/product_tag?post=7882"}],"curies":[{"name":"wp","href":"https:\/\/api.w.org\/{rel}","templated":true}]}}