{"id":8064,"date":"2025-11-27T08:22:33","date_gmt":"2025-11-27T13:22:33","guid":{"rendered":"https:\/\/histoiredemaska.com\/?post_type=product&#038;p=8064"},"modified":"2026-04-08T14:08:28","modified_gmt":"2026-04-08T18:08:28","slug":"conference-entre-deux-feux-la-vallee-du-richelieu-en-1775-1776","status":"publish","type":"product","link":"https:\/\/histoiredemaska.com\/en\/produit\/conference-entre-deux-feux-la-vallee-du-richelieu-en-1775-1776\/","title":{"rendered":"Conf\u00e9rence pass\u00e9e : Entre deux feux : la vall\u00e9e du Richelieu en 1775-1776"},"content":{"rendered":"<p>Il y a environ 250 ans, la population richelaine s&#8217;est retrouv\u00e9e \u00e0 la crois\u00e9e des chemins. Avec la pr\u00e9sence des troupes des Colonies-Unies sur son territoire, l\u2019heure des choix a sonn\u00e9. Doit-elle prendre les armes pour r\u00e9pondre \u00e0 l\u2019appel de la Grande-Bretagne de d\u00e9fendre l\u2019Empire dont ils sont les sujets ? Doit-elle plut\u00f4t lutter aux c\u00f4t\u00e9s des troupes des Colonies-Unies contre ce m\u00eame empire? Ou encore, attendre en ne choisissant aucune des deux parties? Face au si\u00e8ge des forts Chambly et Saint-Jean, \u00e0 leur capture, \u00e0 l\u2019occupation de la vall\u00e9e et de ses forts par les troupes des Colonies-Unies, au retour conqu\u00e9rant des troupes britanniques, quelle fut la r\u00e9ponse des Richelains? Au fil de la description des \u00e9v\u00e9nements, on sera mieux \u00e0 m\u00eame de la cerner.<\/p>\n<p>&nbsp;<\/p>\n<p>\u00c0 propos du conf\u00e9rencier :<\/p>\n<p>Andr\u00e9 Gousse d\u00e9tient un baccalaur\u00e9at en anthropologie de l\u2019Universit\u00e9 de Montr\u00e9al. A cours de sa carri\u00e8re, il a \u00e9t\u00e9 guide-interpr\u00e8te au fort Chambly, conservateur militaire, sp\u00e9cialiste et gestionnaire de l\u2019interpr\u00e9tation et finalement conservateur en chef au bureau national de Parcs Canada. Natif de Chambly, il s\u2019est int\u00e9ress\u00e9 tr\u00e8s t\u00f4t \u00e0 l&#8217;histoire de la Nouvelle-France. Dans ses loisirs, il a fond\u00e9 et dirig\u00e9 la <em>Compagnie de milice de Chambly<\/em>, un groupe de reconstitution historique. Il est vice-pr\u00e9sident de la Soci\u00e9t\u00e9 d&#8217;histoire de la Seigneurie de Chambly. Chercheur, formateur et conf\u00e9rencier reconnu, il poursuit maintenant ses recherches sur les habitants et les militaires de Chambly.<\/p>\n<p>&nbsp;<\/p>\n<p>Il s\u2019agit de la septi\u00e8me et derni\u00e8re conf\u00e9rence de la saison 2025-2026. Le co\u00fbt est de 5 $ pour les non-membres et l\u2019entr\u00e9e est gratuite pour les membres.<\/p>\n<p>&nbsp;<\/p>\n<p>Places limit\u00e9es. Il est conseill\u00e9 d&#8217;arriver au moins 15 minutes avant le d\u00e9but de la conf\u00e9rence. Aucune r\u00e9servation requise.<\/p>\n<p>Date : mardi 7 avril \u00e0 19h (ouverture des portes \u00e0 18h30)<\/p>\n<p>Lieu : Centre culturel Humania Assurance (1675, rue Saint-Pierre Ouest, Saint-Hyacinthe)<\/p>\n<p>* Veuillez prendre note qu&#8217;au Centre culturel Humania Assurance l&#8217;eau est actuellement \u00ab non potable \u00bb et les abreuvoirs sont \u00ab hors d&#8217;usage \u00bb. Des machines distributrices d&#8217;eau sont install\u00e9es de fa\u00e7on temporaire afin d&#8217;assurer un minimum de service. SVP Apportez votre gourde d\u00e9j\u00e0 remplie d\u2019eau.<\/p>\n","protected":false},"excerpt":{"rendered":"<p>Il y a environ 250 ans, la population richelaine s&#8217;est retrouv\u00e9e \u00e0 la crois\u00e9e des chemins. Avec la pr\u00e9sence des troupes des Colonies-Unies sur son territoire, l\u2019heure des choix a sonn\u00e9. Doit-elle prendre les armes pour r\u00e9pondre \u00e0 l\u2019appel de la Grande-Bretagne de d\u00e9fendre l\u2019Empire dont ils sont les sujets ? Doit-elle plut\u00f4t lutter aux [&hellip;]<\/p>\n","protected":false},"featured_media":8070,"comment_status":"closed","ping_status":"closed","template":"","meta":{"_acf_changed":false},"product_brand":[],"product_cat":[113,35],"product_tag":[],"class_list":{"0":"post-8064","1":"product","2":"type-product","3":"status-publish","4":"has-post-thumbnail","6":"product_cat-evenement-culturel","7":"product_cat-evenements","9":"first","10":"instock","11":"shipping-taxable","12":"purchasable","13":"product-type-simple"},"acf":[],"_links":{"self":[{"href":"https:\/\/histoiredemaska.com\/en\/wp-json\/wp\/v2\/product\/8064","targetHints":{"allow":["GET"]}}],"collection":[{"href":"https:\/\/histoiredemaska.com\/en\/wp-json\/wp\/v2\/product"}],"about":[{"href":"https:\/\/histoiredemaska.com\/en\/wp-json\/wp\/v2\/types\/product"}],"replies":[{"embeddable":true,"href":"https:\/\/histoiredemaska.com\/en\/wp-json\/wp\/v2\/comments?post=8064"}],"version-history":[{"count":9,"href":"https:\/\/histoiredemaska.com\/en\/wp-json\/wp\/v2\/product\/8064\/revisions"}],"predecessor-version":[{"id":8354,"href":"https:\/\/histoiredemaska.com\/en\/wp-json\/wp\/v2\/product\/8064\/revisions\/8354"}],"wp:featuredmedia":[{"embeddable":true,"href":"https:\/\/histoiredemaska.com\/en\/wp-json\/wp\/v2\/media\/8070"}],"wp:attachment":[{"href":"https:\/\/histoiredemaska.com\/en\/wp-json\/wp\/v2\/media?parent=8064"}],"wp:term":[{"taxonomy":"product_brand","embeddable":true,"href":"https:\/\/histoiredemaska.com\/en\/wp-json\/wp\/v2\/product_brand?post=8064"},{"taxonomy":"product_cat","embeddable":true,"href":"https:\/\/histoiredemaska.com\/en\/wp-json\/wp\/v2\/product_cat?post=8064"},{"taxonomy":"product_tag","embeddable":true,"href":"https:\/\/histoiredemaska.com\/en\/wp-json\/wp\/v2\/product_tag?post=8064"}],"curies":[{"name":"wp","href":"https:\/\/api.w.org\/{rel}","templated":true}]}}