{"id":8288,"date":"2025-11-29T09:27:35","date_gmt":"2025-11-29T14:27:35","guid":{"rendered":"https:\/\/histoiredemaska.com\/?post_type=product&#038;p=8288"},"modified":"2026-03-23T13:48:59","modified_gmt":"2026-03-23T17:48:59","slug":"la-ruee-vers-lorgue-a-leglise-de-saint-rosalie","status":"publish","type":"product","link":"https:\/\/histoiredemaska.com\/en\/produit\/la-ruee-vers-lorgue-a-leglise-de-saint-rosalie\/","title":{"rendered":"La ru\u00e9e vers l&#8217;orgue \u00e0 l&#8217;\u00e9glise de Saint-Rosalie"},"content":{"rendered":"<p>L\u2019Ensemble Inspirationz, une formation musicale unique fusionnant l\u2019orgue classique \u00e0 un quintette de jazz, offrira aux spectateurs des pi\u00e8ces vari\u00e9es m\u00ealant classique et jazz. Pour en savoir plus sur ce groupe r\u00e9unissant cinq virtuoses passionn\u00e9s enti\u00e8rement d\u00e9vou\u00e9s \u00e0 leur art, cliquez <a href=\"https:\/\/www.tuxedoswing.ca\/inspirationz\" target=\"_blank\" rel=\"noopener\">ici<\/a>.<\/p>\n<p>Entre les pi\u00e8ces musicales, Jo\u00eblle Th\u00e9rien, historienne au Centre d\u2019histoire de Saint-Hyacinthe, parlera de l\u2019histoire de l&#8217;\u00e9glise de Sainte-Rosalie, \u0153uvre de l\u2019architecte Victor Bourgeau, ainsi que de l\u2019orgue, l\u2019opus 149 de Casavant Fr\u00e8res, install\u00e9 en 1901 puis restaur\u00e9 en 1979 par les Orgues L\u00e9tourneau.<\/p>\n<p>L&#8217;\u00e9v\u00e9nement d\u00e9butera le samedi 9 mai \u00e0 19 h\u00a0\u00e0 l\u2019\u00e9glise de Sainte-Rosalie (5330 Rue des Seigneurs Est, Saint-Hyacinthe).<\/p>\n<p>Aucune r\u00e9servation requise.<\/p>\n<p>Si vous souhaitez d\u00e9couvrir le fonctionnement de l&#8217;orgue, vous \u00eates invit\u00e9s \u00e0 assister \u00e0 l&#8217;atelier de m\u00e9diation culturelle qui se d\u00e9roulera \u00e0 13 h 30. L&#8217;inscription se fait sur notre<strong> <a href=\"https:\/\/histoiredemaska.com\/produit\/atelier-de-mediation-culturelle-a-sainte-rosalie\/\">boutique en ligne<\/a><\/strong>.<\/p>\n<p>Ces \u00e9v\u00e9nements sont gratuits, mais il sera possible de faire des dons pour soutenir la Fabrique.<\/p>\n<p>Photo de Christophe Morin: \u00c9glise de Sainte-Rosalie, 2025. Centre d\u2019histoire de Saint-Hyacinthe. Fonds CH690 Centre d\u2019histoire de Saint-Hyacinthe<\/p>\n","protected":false},"excerpt":{"rendered":"<p>L\u2019Ensemble Inspirationz, une formation musicale unique fusionnant l\u2019orgue classique \u00e0 un quintette de jazz, offrira aux spectateurs des pi\u00e8ces vari\u00e9es m\u00ealant classique et jazz. Pour en savoir plus sur ce groupe r\u00e9unissant cinq virtuoses passionn\u00e9s enti\u00e8rement d\u00e9vou\u00e9s \u00e0 leur art, cliquez ici. Entre les pi\u00e8ces musicales, Jo\u00eblle Th\u00e9rien, historienne au Centre d\u2019histoire de Saint-Hyacinthe, parlera [&hellip;]<\/p>\n","protected":false},"featured_media":8290,"comment_status":"closed","ping_status":"closed","template":"","meta":{"_acf_changed":false},"product_brand":[],"product_cat":[113,35],"product_tag":[],"class_list":{"0":"post-8288","1":"product","2":"type-product","3":"status-publish","4":"has-post-thumbnail","6":"product_cat-evenement-culturel","7":"product_cat-evenements","9":"first","10":"instock","11":"shipping-taxable","12":"purchasable","13":"product-type-simple"},"acf":[],"_links":{"self":[{"href":"https:\/\/histoiredemaska.com\/en\/wp-json\/wp\/v2\/product\/8288","targetHints":{"allow":["GET"]}}],"collection":[{"href":"https:\/\/histoiredemaska.com\/en\/wp-json\/wp\/v2\/product"}],"about":[{"href":"https:\/\/histoiredemaska.com\/en\/wp-json\/wp\/v2\/types\/product"}],"replies":[{"embeddable":true,"href":"https:\/\/histoiredemaska.com\/en\/wp-json\/wp\/v2\/comments?post=8288"}],"version-history":[{"count":4,"href":"https:\/\/histoiredemaska.com\/en\/wp-json\/wp\/v2\/product\/8288\/revisions"}],"predecessor-version":[{"id":8307,"href":"https:\/\/histoiredemaska.com\/en\/wp-json\/wp\/v2\/product\/8288\/revisions\/8307"}],"wp:featuredmedia":[{"embeddable":true,"href":"https:\/\/histoiredemaska.com\/en\/wp-json\/wp\/v2\/media\/8290"}],"wp:attachment":[{"href":"https:\/\/histoiredemaska.com\/en\/wp-json\/wp\/v2\/media?parent=8288"}],"wp:term":[{"taxonomy":"product_brand","embeddable":true,"href":"https:\/\/histoiredemaska.com\/en\/wp-json\/wp\/v2\/product_brand?post=8288"},{"taxonomy":"product_cat","embeddable":true,"href":"https:\/\/histoiredemaska.com\/en\/wp-json\/wp\/v2\/product_cat?post=8288"},{"taxonomy":"product_tag","embeddable":true,"href":"https:\/\/histoiredemaska.com\/en\/wp-json\/wp\/v2\/product_tag?post=8288"}],"curies":[{"name":"wp","href":"https:\/\/api.w.org\/{rel}","templated":true}]}}