{"id":8438,"date":"2026-05-04T11:32:31","date_gmt":"2026-05-04T15:32:31","guid":{"rendered":"https:\/\/histoiredemaska.com\/?post_type=product&#038;p=8438"},"modified":"2026-05-06T13:50:21","modified_gmt":"2026-05-06T17:50:21","slug":"parcours-incendies","status":"publish","type":"product","link":"https:\/\/histoiredemaska.com\/en\/produit\/parcours-incendies\/","title":{"rendered":"Le parcours des incendies au centre-ville (plusieurs dates)"},"content":{"rendered":"<p>Dates : 4 et 18 juin, 2 et 16 juillet, 13 et 27 ao\u00fbt<\/p>\n<p>D\u00e9but de la visite derri\u00e8re le march\u00e9, face \u00e0 la Place Frontenac (1505 rue Saint-Antoine). Stationnement disponible gratuitement dans les rues avoisinantes.<\/p>\n<p>L\u2019ann\u00e9e 2026 marque le 150e anniversaire du grand incendie du 3 septembre 1876 qui ravagea une importante partie du centre-ville de Saint-Hyacinthe. Pour souligner l\u2019occasion, Isabelle Martin et Martin Ostiguy du Centre d\u2019histoire de Saint-Hyacinthe, parcourent le centre-ville avec vous et vous racontent les plus importantes conflagrations qui s\u2019y sont produites. Outre le feu de 1876, on parlera \u00e9galement des incendies de 1944 et de 1981 ainsi que d\u2019autres moins connus.<\/p>\n<p>Prenez note qu\u2019il n\u2019y a aucune toilette sur place et que le circuit est enti\u00e8rement r\u00e9alis\u00e9 \u00e0 l\u2019ext\u00e9rieur.<\/p>\n<p>La visite aura lieu beau temps, mauvais temps. Cette activit\u00e9 est gratuite et aucune r\u00e9servation n\u2019est requise.<\/p>\n<p>Photo : Incendie sur la rue Cascades, 1944. Centre d\u2019histoire de Saint-Hyacinthe. Fonds CH561 Johanne Tanguay Delage<\/p>\n","protected":false},"excerpt":{"rendered":"<p>Dates : 4 et 18 juin, 2 et 16 juillet, 13 et 27 ao\u00fbt D\u00e9but de la visite derri\u00e8re le march\u00e9, face \u00e0 la Place Frontenac (1505 rue Saint-Antoine). Stationnement disponible gratuitement dans les rues avoisinantes. L\u2019ann\u00e9e 2026 marque le 150e anniversaire du grand incendie du 3 septembre 1876 qui ravagea une importante partie du [&hellip;]<\/p>\n","protected":false},"featured_media":8444,"comment_status":"closed","ping_status":"closed","template":"","meta":{"_acf_changed":false},"product_brand":[],"product_cat":[36],"product_tag":[],"class_list":{"0":"post-8438","1":"product","2":"type-product","3":"status-publish","4":"has-post-thumbnail","6":"product_cat-visites-guidees","8":"first","9":"instock","10":"shipping-taxable","11":"purchasable","12":"product-type-simple"},"acf":[],"_links":{"self":[{"href":"https:\/\/histoiredemaska.com\/en\/wp-json\/wp\/v2\/product\/8438","targetHints":{"allow":["GET"]}}],"collection":[{"href":"https:\/\/histoiredemaska.com\/en\/wp-json\/wp\/v2\/product"}],"about":[{"href":"https:\/\/histoiredemaska.com\/en\/wp-json\/wp\/v2\/types\/product"}],"replies":[{"embeddable":true,"href":"https:\/\/histoiredemaska.com\/en\/wp-json\/wp\/v2\/comments?post=8438"}],"version-history":[{"count":2,"href":"https:\/\/histoiredemaska.com\/en\/wp-json\/wp\/v2\/product\/8438\/revisions"}],"predecessor-version":[{"id":8471,"href":"https:\/\/histoiredemaska.com\/en\/wp-json\/wp\/v2\/product\/8438\/revisions\/8471"}],"wp:featuredmedia":[{"embeddable":true,"href":"https:\/\/histoiredemaska.com\/en\/wp-json\/wp\/v2\/media\/8444"}],"wp:attachment":[{"href":"https:\/\/histoiredemaska.com\/en\/wp-json\/wp\/v2\/media?parent=8438"}],"wp:term":[{"taxonomy":"product_brand","embeddable":true,"href":"https:\/\/histoiredemaska.com\/en\/wp-json\/wp\/v2\/product_brand?post=8438"},{"taxonomy":"product_cat","embeddable":true,"href":"https:\/\/histoiredemaska.com\/en\/wp-json\/wp\/v2\/product_cat?post=8438"},{"taxonomy":"product_tag","embeddable":true,"href":"https:\/\/histoiredemaska.com\/en\/wp-json\/wp\/v2\/product_tag?post=8438"}],"curies":[{"name":"wp","href":"https:\/\/api.w.org\/{rel}","templated":true}]}}